{"id":2770,"date":"2022-03-08T15:18:47","date_gmt":"2022-03-08T14:18:47","guid":{"rendered":"https:\/\/dullaertantiques.com\/?post_type=product&#038;p=2770"},"modified":"2026-01-26T17:00:15","modified_gmt":"2026-01-26T16:00:15","slug":"englisches-portrait-eines-herrn-in-pastell-auf-papier","status":"publish","type":"product","link":"https:\/\/dullaertantiques.com\/de\/winkel\/sold\/english-portrait-of-a-gentleman-in-pastel-on-paper\/","title":{"rendered":"Portr\u00e4t eines Herrn in Pastell auf Pergament"},"content":{"rendered":"<p>Portr\u00e4t eines wohlhabenden Mannes in Pastell auf Pergament.<\/p>\n<p>Links signiert: Marteau L. 1760. Louis Marteau (1715 - 1804)<br \/>\nFranz\u00f6sische Schule<\/p>\n<p>Abmessungen: 55 x 43 x 0,2 cm.<\/p>\n<p>Mit Rahmen: 78,5 x 68,5 x 5,5 cm.<\/p>\n<p>In einem vergoldeten Rahmen aus dem 19.<\/p>\n<p>Zustand: In gutem Zustand, einige Falten im Pergament<\/p>","protected":false},"excerpt":{"rendered":"<p>Portrait of a well-to-do gentleman in pastel on parchment. Signed left: Marteau L. 1760. Louis Marteau (1715 &#8211; 1804) French School Dimensions: 55 x 43 x 0,2 cm. With frame: 78.5 x 68,5 x 5.5 cm. In a gilded 19th century frame. Condition: In fair condition, some wrinkles in the parchment<\/p>","protected":false},"featured_media":3406,"template":"","meta":{"_et_pb_use_builder":"","_et_pb_old_content":"","_et_gb_content_width":"","_monsterinsights_skip_tracking":false,"_monsterinsights_sitenote_active":false,"_monsterinsights_sitenote_note":"","_monsterinsights_sitenote_category":0},"product_brand":[],"product_cat":[50],"product_tag":[],"class_list":{"0":"post-2770","1":"product","2":"type-product","3":"status-publish","4":"has-post-thumbnail","6":"product_cat-sold","8":"first","9":"outofstock","10":"sold-individually","11":"shipping-taxable","12":"product-type-simple"},"yoast_head":"<!-- This site is optimized with the Yoast SEO plugin v27.3 - https:\/\/yoast.com\/product\/yoast-seo-wordpress\/ -->\n<title>Portrait of a gentleman in pastel on parchment - Dullaert Art &amp; Antiques<\/title>\n<meta name=\"description\" content=\"Portrait of a well-to-do gentleman in pastel on paper.Signed left: Marteau L. 1760. Louis Marteau (1715 - 1804)French School\" \/>\n<meta name=\"robots\" content=\"index, follow, max-snippet:-1, max-image-preview:large, max-video-preview:-1\" \/>\n<link rel=\"canonical\" href=\"https:\/\/dullaertantiques.com\/de\/winkel\/verkauft\/englisches-portrait-eines-herrn-in-pastell-auf-papier\/\" \/>\n<meta property=\"og:locale\" content=\"de_DE\" \/>\n<meta property=\"og:type\" content=\"article\" \/>\n<meta property=\"og:title\" content=\"Portrait of a gentleman in pastel on parchment - Dullaert Art &amp; Antiques\" \/>\n<meta property=\"og:description\" content=\"Portrait of a well-to-do gentleman in pastel on paper.Signed left: Marteau L. 1760. Louis Marteau (1715 - 1804)French School\" \/>\n<meta property=\"og:url\" content=\"https:\/\/dullaertantiques.com\/de\/winkel\/verkauft\/englisches-portrait-eines-herrn-in-pastell-auf-papier\/\" \/>\n<meta property=\"og:site_name\" content=\"Dullaert Art &amp; Antiques\" \/>\n<meta property=\"article:publisher\" content=\"https:\/\/www.facebook.com\/dullaertantiques\/?fref=ts\" \/>\n<meta property=\"article:modified_time\" content=\"2026-01-26T16:00:15+00:00\" \/>\n<meta property=\"og:image\" content=\"https:\/\/dullaertantiques.com\/wp-content\/uploads\/2022\/03\/Pastel-painting.png\" \/>\n\t<meta property=\"og:image:width\" content=\"1080\" \/>\n\t<meta property=\"og:image:height\" content=\"1080\" \/>\n\t<meta property=\"og:image:type\" content=\"image\/png\" \/>\n<meta name=\"twitter:card\" content=\"summary_large_image\" \/>\n<meta name=\"twitter:label1\" content=\"Gesch\u00e4tzte Lesezeit\" \/>\n\t<meta name=\"twitter:data1\" content=\"1\u00a0Minute\" \/>\n<script type=\"application\/ld+json\" class=\"yoast-schema-graph\">{\"@context\":\"https:\\\/\\\/schema.org\",\"@graph\":[{\"@type\":\"WebPage\",\"@id\":\"https:\\\/\\\/dullaertantiques.com\\\/winkel\\\/sold\\\/english-portrait-of-a-gentleman-in-pastel-on-paper\\\/\",\"url\":\"https:\\\/\\\/dullaertantiques.com\\\/winkel\\\/sold\\\/english-portrait-of-a-gentleman-in-pastel-on-paper\\\/\",\"name\":\"Portrait of a gentleman in pastel on parchment - Dullaert Art &amp; Antiques\",\"isPartOf\":{\"@id\":\"https:\\\/\\\/dullaertantiques.com\\\/#website\"},\"primaryImageOfPage\":{\"@id\":\"https:\\\/\\\/dullaertantiques.com\\\/winkel\\\/sold\\\/english-portrait-of-a-gentleman-in-pastel-on-paper\\\/#primaryimage\"},\"image\":{\"@id\":\"https:\\\/\\\/dullaertantiques.com\\\/winkel\\\/sold\\\/english-portrait-of-a-gentleman-in-pastel-on-paper\\\/#primaryimage\"},\"thumbnailUrl\":\"https:\\\/\\\/dullaertantiques.com\\\/wp-content\\\/uploads\\\/2022\\\/03\\\/Pastel-painting.png\",\"datePublished\":\"2022-03-08T14:18:47+00:00\",\"dateModified\":\"2026-01-26T16:00:15+00:00\",\"description\":\"Portrait of a well-to-do gentleman in pastel on paper.Signed left: Marteau L. 1760. Louis Marteau (1715 - 1804)French School\",\"breadcrumb\":{\"@id\":\"https:\\\/\\\/dullaertantiques.com\\\/winkel\\\/sold\\\/english-portrait-of-a-gentleman-in-pastel-on-paper\\\/#breadcrumb\"},\"inLanguage\":\"de\",\"potentialAction\":[{\"@type\":\"ReadAction\",\"target\":[\"https:\\\/\\\/dullaertantiques.com\\\/winkel\\\/sold\\\/english-portrait-of-a-gentleman-in-pastel-on-paper\\\/\"]}]},{\"@type\":\"ImageObject\",\"inLanguage\":\"de\",\"@id\":\"https:\\\/\\\/dullaertantiques.com\\\/winkel\\\/sold\\\/english-portrait-of-a-gentleman-in-pastel-on-paper\\\/#primaryimage\",\"url\":\"https:\\\/\\\/dullaertantiques.com\\\/wp-content\\\/uploads\\\/2022\\\/03\\\/Pastel-painting.png\",\"contentUrl\":\"https:\\\/\\\/dullaertantiques.com\\\/wp-content\\\/uploads\\\/2022\\\/03\\\/Pastel-painting.png\",\"width\":1080,\"height\":1080},{\"@type\":\"BreadcrumbList\",\"@id\":\"https:\\\/\\\/dullaertantiques.com\\\/winkel\\\/sold\\\/english-portrait-of-a-gentleman-in-pastel-on-paper\\\/#breadcrumb\",\"itemListElement\":[{\"@type\":\"ListItem\",\"position\":1,\"name\":\"Home\",\"item\":\"https:\\\/\\\/dullaertantiques.com\\\/\"},{\"@type\":\"ListItem\",\"position\":2,\"name\":\"Collection\",\"item\":\"https:\\\/\\\/dullaertantiques.com\\\/collection\\\/\"},{\"@type\":\"ListItem\",\"position\":3,\"name\":\"Portrait of a gentleman in pastel on parchment\"}]},{\"@type\":\"WebSite\",\"@id\":\"https:\\\/\\\/dullaertantiques.com\\\/#website\",\"url\":\"https:\\\/\\\/dullaertantiques.com\\\/\",\"name\":\"Dullaert Art &amp; Antiques\",\"description\":\"Art, Antiques, Interior\",\"publisher\":{\"@id\":\"https:\\\/\\\/dullaertantiques.com\\\/#organization\"},\"potentialAction\":[{\"@type\":\"SearchAction\",\"target\":{\"@type\":\"EntryPoint\",\"urlTemplate\":\"https:\\\/\\\/dullaertantiques.com\\\/?s={search_term_string}\"},\"query-input\":{\"@type\":\"PropertyValueSpecification\",\"valueRequired\":true,\"valueName\":\"search_term_string\"}}],\"inLanguage\":\"de\"},{\"@type\":\"Organization\",\"@id\":\"https:\\\/\\\/dullaertantiques.com\\\/#organization\",\"name\":\"Dullaert Art & Antiques\",\"url\":\"https:\\\/\\\/dullaertantiques.com\\\/\",\"logo\":{\"@type\":\"ImageObject\",\"inLanguage\":\"de\",\"@id\":\"https:\\\/\\\/dullaertantiques.com\\\/#\\\/schema\\\/logo\\\/image\\\/\",\"url\":\"https:\\\/\\\/dullaertantiques.com\\\/wp-content\\\/uploads\\\/2016\\\/06\\\/Logo-3.png\",\"contentUrl\":\"https:\\\/\\\/dullaertantiques.com\\\/wp-content\\\/uploads\\\/2016\\\/06\\\/Logo-3.png\",\"width\":214,\"height\":91,\"caption\":\"Dullaert Art & Antiques\"},\"image\":{\"@id\":\"https:\\\/\\\/dullaertantiques.com\\\/#\\\/schema\\\/logo\\\/image\\\/\"},\"sameAs\":[\"https:\\\/\\\/www.facebook.com\\\/dullaertantiques\\\/?fref=ts\"]}]}<\/script>\n<!-- \/ Yoast SEO plugin. -->","yoast_head_json":{"title":"Portr\u00e4t eines Herrn in Pastell auf Pergament - Dullaert Art &amp; Antiques","description":"Portr\u00e4t eines wohlhabenden Mannes in Pastell auf Papier, links signiert: Marteau L. 1760. Louis Marteau (1715 - 1804)Franz\u00f6sische Schule","robots":{"index":"index","follow":"follow","max-snippet":"max-snippet:-1","max-image-preview":"max-image-preview:large","max-video-preview":"max-video-preview:-1"},"canonical":"https:\/\/dullaertantiques.com\/de\/winkel\/verkauft\/englisches-portrait-eines-herrn-in-pastell-auf-papier\/","og_locale":"de_DE","og_type":"article","og_title":"Portrait of a gentleman in pastel on parchment - Dullaert Art &amp; Antiques","og_description":"Portrait of a well-to-do gentleman in pastel on paper.Signed left: Marteau L. 1760. Louis Marteau (1715 - 1804)French School","og_url":"https:\/\/dullaertantiques.com\/de\/winkel\/verkauft\/englisches-portrait-eines-herrn-in-pastell-auf-papier\/","og_site_name":"Dullaert Art &amp; Antiques","article_publisher":"https:\/\/www.facebook.com\/dullaertantiques\/?fref=ts","article_modified_time":"2026-01-26T16:00:15+00:00","og_image":[{"width":1080,"height":1080,"url":"https:\/\/dullaertantiques.com\/wp-content\/uploads\/2022\/03\/Pastel-painting.png","type":"image\/png"}],"twitter_card":"summary_large_image","twitter_misc":{"Gesch\u00e4tzte Lesezeit":"1\u00a0Minute"},"schema":{"@context":"https:\/\/schema.org","@graph":[{"@type":"WebPage","@id":"https:\/\/dullaertantiques.com\/winkel\/sold\/english-portrait-of-a-gentleman-in-pastel-on-paper\/","url":"https:\/\/dullaertantiques.com\/winkel\/sold\/english-portrait-of-a-gentleman-in-pastel-on-paper\/","name":"Portr\u00e4t eines Herrn in Pastell auf Pergament - Dullaert Art &amp; Antiques","isPartOf":{"@id":"https:\/\/dullaertantiques.com\/#website"},"primaryImageOfPage":{"@id":"https:\/\/dullaertantiques.com\/winkel\/sold\/english-portrait-of-a-gentleman-in-pastel-on-paper\/#primaryimage"},"image":{"@id":"https:\/\/dullaertantiques.com\/winkel\/sold\/english-portrait-of-a-gentleman-in-pastel-on-paper\/#primaryimage"},"thumbnailUrl":"https:\/\/dullaertantiques.com\/wp-content\/uploads\/2022\/03\/Pastel-painting.png","datePublished":"2022-03-08T14:18:47+00:00","dateModified":"2026-01-26T16:00:15+00:00","description":"Portr\u00e4t eines wohlhabenden Mannes in Pastell auf Papier, links signiert: Marteau L. 1760. Louis Marteau (1715 - 1804)Franz\u00f6sische Schule","breadcrumb":{"@id":"https:\/\/dullaertantiques.com\/winkel\/sold\/english-portrait-of-a-gentleman-in-pastel-on-paper\/#breadcrumb"},"inLanguage":"de","potentialAction":[{"@type":"ReadAction","target":["https:\/\/dullaertantiques.com\/winkel\/sold\/english-portrait-of-a-gentleman-in-pastel-on-paper\/"]}]},{"@type":"ImageObject","inLanguage":"de","@id":"https:\/\/dullaertantiques.com\/winkel\/sold\/english-portrait-of-a-gentleman-in-pastel-on-paper\/#primaryimage","url":"https:\/\/dullaertantiques.com\/wp-content\/uploads\/2022\/03\/Pastel-painting.png","contentUrl":"https:\/\/dullaertantiques.com\/wp-content\/uploads\/2022\/03\/Pastel-painting.png","width":1080,"height":1080},{"@type":"BreadcrumbList","@id":"https:\/\/dullaertantiques.com\/winkel\/sold\/english-portrait-of-a-gentleman-in-pastel-on-paper\/#breadcrumb","itemListElement":[{"@type":"ListItem","position":1,"name":"Home","item":"https:\/\/dullaertantiques.com\/"},{"@type":"ListItem","position":2,"name":"Collection","item":"https:\/\/dullaertantiques.com\/collection\/"},{"@type":"ListItem","position":3,"name":"Portrait of a gentleman in pastel on parchment"}]},{"@type":"WebSite","@id":"https:\/\/dullaertantiques.com\/#website","url":"https:\/\/dullaertantiques.com\/","name":"Dullaert Art &amp; Antiques","description":"Kunst, Antiquit\u00e4ten, Interieur","publisher":{"@id":"https:\/\/dullaertantiques.com\/#organization"},"potentialAction":[{"@type":"SearchAction","target":{"@type":"EntryPoint","urlTemplate":"https:\/\/dullaertantiques.com\/?s={search_term_string}"},"query-input":{"@type":"PropertyValueSpecification","valueRequired":true,"valueName":"search_term_string"}}],"inLanguage":"de"},{"@type":"Organization","@id":"https:\/\/dullaertantiques.com\/#organization","name":"Dullaert Art &amp; Antiques","url":"https:\/\/dullaertantiques.com\/","logo":{"@type":"ImageObject","inLanguage":"de","@id":"https:\/\/dullaertantiques.com\/#\/schema\/logo\/image\/","url":"https:\/\/dullaertantiques.com\/wp-content\/uploads\/2016\/06\/Logo-3.png","contentUrl":"https:\/\/dullaertantiques.com\/wp-content\/uploads\/2016\/06\/Logo-3.png","width":214,"height":91,"caption":"Dullaert Art & Antiques"},"image":{"@id":"https:\/\/dullaertantiques.com\/#\/schema\/logo\/image\/"},"sameAs":["https:\/\/www.facebook.com\/dullaertantiques\/?fref=ts"]}]}},"_links":{"self":[{"href":"https:\/\/dullaertantiques.com\/de\/wp-json\/wp\/v2\/product\/2770","targetHints":{"allow":["GET"]}}],"collection":[{"href":"https:\/\/dullaertantiques.com\/de\/wp-json\/wp\/v2\/product"}],"about":[{"href":"https:\/\/dullaertantiques.com\/de\/wp-json\/wp\/v2\/types\/product"}],"wp:featuredmedia":[{"embeddable":true,"href":"https:\/\/dullaertantiques.com\/de\/wp-json\/wp\/v2\/media\/3406"}],"wp:attachment":[{"href":"https:\/\/dullaertantiques.com\/de\/wp-json\/wp\/v2\/media?parent=2770"}],"wp:term":[{"taxonomy":"product_brand","embeddable":true,"href":"https:\/\/dullaertantiques.com\/de\/wp-json\/wp\/v2\/product_brand?post=2770"},{"taxonomy":"product_cat","embeddable":true,"href":"https:\/\/dullaertantiques.com\/de\/wp-json\/wp\/v2\/product_cat?post=2770"},{"taxonomy":"product_tag","embeddable":true,"href":"https:\/\/dullaertantiques.com\/de\/wp-json\/wp\/v2\/product_tag?post=2770"}],"curies":[{"name":"wp","href":"https:\/\/api.w.org\/{rel}","templated":true}]}}