{"id":3193,"date":"2023-11-15T14:44:41","date_gmt":"2023-11-15T13:44:41","guid":{"rendered":"https:\/\/dullaertantiques.com\/?post_type=product&#038;p=3193"},"modified":"2025-04-10T14:08:56","modified_gmt":"2025-04-10T12:08:56","slug":"die-kreuzigung-christus-flandern-16-jahrhundert","status":"publish","type":"product","link":"https:\/\/dullaertantiques.com\/de\/winkel\/geen-categorie\/the-crucifixion-of-christ-flanders-16th-century\/","title":{"rendered":"Die Kreuzigung Christi, Flandern, 16. Jahrhundert"},"content":{"rendered":"<p>Antikes \u00d6lgem\u00e4lde auf Tafel mit der Darstellung der Kreuzigung Christi, in diesem Gem\u00e4lde flankieren Johannes und Maria das Kreuz<br \/>\nAnh\u00e4ngerin der fl\u00e4mischen Primitiven,<\/p>\n<p>Flandern, 16. Jahrhundert.<\/p>\n<p>\u00d6l auf Holzplatte, in einem Rahmen sp\u00e4teren Datums.<\/p>\n<p>Abmessungen inkl. Rahmen: 50 x 36 x 4,5 cm.<br \/>\nAbmessungen ohne Rahmen: 39,5 x 26 cm.<\/p>","protected":false},"excerpt":{"rendered":"<p>Antikes \u00d6lgem\u00e4lde auf Tafel mit der Darstellung der Kreuzigung Christi, in diesem Gem\u00e4lde flankieren Johannes und Maria das Kreuz Anh\u00e4nger der fl\u00e4mischen Primitiven, Flandern, 16. \u00d6l auf Holztafel, in Rahmen sp\u00e4teren Datums. Ma\u00dfe inkl. Rahmen: 50 x 36 x 4,5 cm. Ma\u00dfe ohne Rahmen: 39,5 x 26 cm.<\/p>","protected":false},"featured_media":3394,"template":"","meta":{"_et_pb_use_builder":"","_et_pb_old_content":"","_et_gb_content_width":"","_monsterinsights_skip_tracking":false,"_monsterinsights_sitenote_active":false,"_monsterinsights_sitenote_note":"","_monsterinsights_sitenote_category":0},"product_brand":[],"product_cat":[22],"product_tag":[],"class_list":{"0":"post-3193","1":"product","2":"type-product","3":"status-publish","4":"has-post-thumbnail","6":"product_cat-geen-categorie","8":"first","9":"outofstock","10":"sold-individually","11":"shipping-taxable","12":"product-type-simple"},"yoast_head":"<!-- This site is optimized with the Yoast SEO plugin v27.4 - https:\/\/yoast.com\/product\/yoast-seo-wordpress\/ -->\n<title>The Crucifixion of Christ, Flanders, 16th century - Dullaert Art &amp; Antiques<\/title>\n<meta name=\"robots\" content=\"index, follow, max-snippet:-1, max-image-preview:large, max-video-preview:-1\" \/>\n<link rel=\"canonical\" href=\"https:\/\/dullaertantiques.com\/de\/winkel\/geen-kategorie\/die-kreuzigung-christus-flandern-16-jahrhundert\/\" \/>\n<meta property=\"og:locale\" content=\"de_DE\" \/>\n<meta property=\"og:type\" content=\"article\" \/>\n<meta property=\"og:title\" content=\"The Crucifixion of Christ, Flanders, 16th century - Dullaert Art &amp; Antiques\" \/>\n<meta property=\"og:description\" content=\"Antique oil painting on panel depicting The Crucifixion of Christ, in this painting St. John and Mary flank the cross Follower of the Flemish Primitives, Flanders, 16th century. Oil on wooden panel, in frame of later date. Dimensions incl. frame: 50 x 36 x 4.5 cm. Dimensions excl. frame: 39.5 x 26 cm.\" \/>\n<meta property=\"og:url\" content=\"https:\/\/dullaertantiques.com\/de\/winkel\/geen-kategorie\/die-kreuzigung-christus-flandern-16-jahrhundert\/\" \/>\n<meta property=\"og:site_name\" content=\"Dullaert Art &amp; Antiques\" \/>\n<meta property=\"article:publisher\" content=\"https:\/\/www.facebook.com\/dullaertantiques\/?fref=ts\" \/>\n<meta property=\"article:modified_time\" content=\"2025-04-10T12:08:56+00:00\" \/>\n<meta property=\"og:image\" content=\"https:\/\/dullaertantiques.com\/wp-content\/uploads\/2024\/01\/Crucifixion.png\" \/>\n\t<meta property=\"og:image:width\" content=\"1080\" \/>\n\t<meta property=\"og:image:height\" content=\"1080\" \/>\n\t<meta property=\"og:image:type\" content=\"image\/png\" \/>\n<meta name=\"twitter:card\" content=\"summary_large_image\" \/>\n<meta name=\"twitter:label1\" content=\"Gesch\u00e4tzte Lesezeit\" \/>\n\t<meta name=\"twitter:data1\" content=\"1\u00a0Minute\" \/>\n<script type=\"application\/ld+json\" class=\"yoast-schema-graph\">{\"@context\":\"https:\\\/\\\/schema.org\",\"@graph\":[{\"@type\":\"WebPage\",\"@id\":\"https:\\\/\\\/dullaertantiques.com\\\/winkel\\\/geen-categorie\\\/the-crucifixion-of-christ-flanders-16th-century\\\/\",\"url\":\"https:\\\/\\\/dullaertantiques.com\\\/winkel\\\/geen-categorie\\\/the-crucifixion-of-christ-flanders-16th-century\\\/\",\"name\":\"The Crucifixion of Christ, Flanders, 16th century - Dullaert Art &amp; Antiques\",\"isPartOf\":{\"@id\":\"https:\\\/\\\/dullaertantiques.com\\\/#website\"},\"primaryImageOfPage\":{\"@id\":\"https:\\\/\\\/dullaertantiques.com\\\/winkel\\\/geen-categorie\\\/the-crucifixion-of-christ-flanders-16th-century\\\/#primaryimage\"},\"image\":{\"@id\":\"https:\\\/\\\/dullaertantiques.com\\\/winkel\\\/geen-categorie\\\/the-crucifixion-of-christ-flanders-16th-century\\\/#primaryimage\"},\"thumbnailUrl\":\"https:\\\/\\\/dullaertantiques.com\\\/wp-content\\\/uploads\\\/2024\\\/01\\\/Crucifixion.png\",\"datePublished\":\"2023-11-15T13:44:41+00:00\",\"dateModified\":\"2025-04-10T12:08:56+00:00\",\"breadcrumb\":{\"@id\":\"https:\\\/\\\/dullaertantiques.com\\\/winkel\\\/geen-categorie\\\/the-crucifixion-of-christ-flanders-16th-century\\\/#breadcrumb\"},\"inLanguage\":\"de\",\"potentialAction\":[{\"@type\":\"ReadAction\",\"target\":[\"https:\\\/\\\/dullaertantiques.com\\\/winkel\\\/geen-categorie\\\/the-crucifixion-of-christ-flanders-16th-century\\\/\"]}]},{\"@type\":\"ImageObject\",\"inLanguage\":\"de\",\"@id\":\"https:\\\/\\\/dullaertantiques.com\\\/winkel\\\/geen-categorie\\\/the-crucifixion-of-christ-flanders-16th-century\\\/#primaryimage\",\"url\":\"https:\\\/\\\/dullaertantiques.com\\\/wp-content\\\/uploads\\\/2024\\\/01\\\/Crucifixion.png\",\"contentUrl\":\"https:\\\/\\\/dullaertantiques.com\\\/wp-content\\\/uploads\\\/2024\\\/01\\\/Crucifixion.png\",\"width\":1080,\"height\":1080},{\"@type\":\"BreadcrumbList\",\"@id\":\"https:\\\/\\\/dullaertantiques.com\\\/winkel\\\/geen-categorie\\\/the-crucifixion-of-christ-flanders-16th-century\\\/#breadcrumb\",\"itemListElement\":[{\"@type\":\"ListItem\",\"position\":1,\"name\":\"Home\",\"item\":\"https:\\\/\\\/dullaertantiques.com\\\/\"},{\"@type\":\"ListItem\",\"position\":2,\"name\":\"Collection\",\"item\":\"https:\\\/\\\/dullaertantiques.com\\\/collection\\\/\"},{\"@type\":\"ListItem\",\"position\":3,\"name\":\"The Crucifixion of Christ, Flanders, 16th century\"}]},{\"@type\":\"WebSite\",\"@id\":\"https:\\\/\\\/dullaertantiques.com\\\/#website\",\"url\":\"https:\\\/\\\/dullaertantiques.com\\\/\",\"name\":\"Dullaert Art &amp; Antiques\",\"description\":\"Art, Antiques, Interior\",\"publisher\":{\"@id\":\"https:\\\/\\\/dullaertantiques.com\\\/#organization\"},\"potentialAction\":[{\"@type\":\"SearchAction\",\"target\":{\"@type\":\"EntryPoint\",\"urlTemplate\":\"https:\\\/\\\/dullaertantiques.com\\\/?s={search_term_string}\"},\"query-input\":{\"@type\":\"PropertyValueSpecification\",\"valueRequired\":true,\"valueName\":\"search_term_string\"}}],\"inLanguage\":\"de\"},{\"@type\":\"Organization\",\"@id\":\"https:\\\/\\\/dullaertantiques.com\\\/#organization\",\"name\":\"Dullaert Art & Antiques\",\"url\":\"https:\\\/\\\/dullaertantiques.com\\\/\",\"logo\":{\"@type\":\"ImageObject\",\"inLanguage\":\"de\",\"@id\":\"https:\\\/\\\/dullaertantiques.com\\\/#\\\/schema\\\/logo\\\/image\\\/\",\"url\":\"https:\\\/\\\/dullaertantiques.com\\\/wp-content\\\/uploads\\\/2016\\\/06\\\/Logo-3.png\",\"contentUrl\":\"https:\\\/\\\/dullaertantiques.com\\\/wp-content\\\/uploads\\\/2016\\\/06\\\/Logo-3.png\",\"width\":214,\"height\":91,\"caption\":\"Dullaert Art & Antiques\"},\"image\":{\"@id\":\"https:\\\/\\\/dullaertantiques.com\\\/#\\\/schema\\\/logo\\\/image\\\/\"},\"sameAs\":[\"https:\\\/\\\/www.facebook.com\\\/dullaertantiques\\\/?fref=ts\"]}]}<\/script>\n<!-- \/ Yoast SEO plugin. -->","yoast_head_json":{"title":"Die Kreuzigung Christi, Flandern, 16. Jahrhundert - Dullaert Kunst &amp; Antiquit\u00e4ten","robots":{"index":"index","follow":"follow","max-snippet":"max-snippet:-1","max-image-preview":"max-image-preview:large","max-video-preview":"max-video-preview:-1"},"canonical":"https:\/\/dullaertantiques.com\/de\/winkel\/geen-kategorie\/die-kreuzigung-christus-flandern-16-jahrhundert\/","og_locale":"de_DE","og_type":"article","og_title":"The Crucifixion of Christ, Flanders, 16th century - Dullaert Art &amp; Antiques","og_description":"Antique oil painting on panel depicting The Crucifixion of Christ, in this painting St. John and Mary flank the cross Follower of the Flemish Primitives, Flanders, 16th century. Oil on wooden panel, in frame of later date. Dimensions incl. frame: 50 x 36 x 4.5 cm. Dimensions excl. frame: 39.5 x 26 cm.","og_url":"https:\/\/dullaertantiques.com\/de\/winkel\/geen-kategorie\/die-kreuzigung-christus-flandern-16-jahrhundert\/","og_site_name":"Dullaert Art &amp; Antiques","article_publisher":"https:\/\/www.facebook.com\/dullaertantiques\/?fref=ts","article_modified_time":"2025-04-10T12:08:56+00:00","og_image":[{"width":1080,"height":1080,"url":"https:\/\/dullaertantiques.com\/wp-content\/uploads\/2024\/01\/Crucifixion.png","type":"image\/png"}],"twitter_card":"summary_large_image","twitter_misc":{"Gesch\u00e4tzte Lesezeit":"1\u00a0Minute"},"schema":{"@context":"https:\/\/schema.org","@graph":[{"@type":"WebPage","@id":"https:\/\/dullaertantiques.com\/winkel\/geen-categorie\/the-crucifixion-of-christ-flanders-16th-century\/","url":"https:\/\/dullaertantiques.com\/winkel\/geen-categorie\/the-crucifixion-of-christ-flanders-16th-century\/","name":"Die Kreuzigung Christi, Flandern, 16. Jahrhundert - Dullaert Kunst &amp; Antiquit\u00e4ten","isPartOf":{"@id":"https:\/\/dullaertantiques.com\/#website"},"primaryImageOfPage":{"@id":"https:\/\/dullaertantiques.com\/winkel\/geen-categorie\/the-crucifixion-of-christ-flanders-16th-century\/#primaryimage"},"image":{"@id":"https:\/\/dullaertantiques.com\/winkel\/geen-categorie\/the-crucifixion-of-christ-flanders-16th-century\/#primaryimage"},"thumbnailUrl":"https:\/\/dullaertantiques.com\/wp-content\/uploads\/2024\/01\/Crucifixion.png","datePublished":"2023-11-15T13:44:41+00:00","dateModified":"2025-04-10T12:08:56+00:00","breadcrumb":{"@id":"https:\/\/dullaertantiques.com\/winkel\/geen-categorie\/the-crucifixion-of-christ-flanders-16th-century\/#breadcrumb"},"inLanguage":"de","potentialAction":[{"@type":"ReadAction","target":["https:\/\/dullaertantiques.com\/winkel\/geen-categorie\/the-crucifixion-of-christ-flanders-16th-century\/"]}]},{"@type":"ImageObject","inLanguage":"de","@id":"https:\/\/dullaertantiques.com\/winkel\/geen-categorie\/the-crucifixion-of-christ-flanders-16th-century\/#primaryimage","url":"https:\/\/dullaertantiques.com\/wp-content\/uploads\/2024\/01\/Crucifixion.png","contentUrl":"https:\/\/dullaertantiques.com\/wp-content\/uploads\/2024\/01\/Crucifixion.png","width":1080,"height":1080},{"@type":"BreadcrumbList","@id":"https:\/\/dullaertantiques.com\/winkel\/geen-categorie\/the-crucifixion-of-christ-flanders-16th-century\/#breadcrumb","itemListElement":[{"@type":"ListItem","position":1,"name":"Home","item":"https:\/\/dullaertantiques.com\/"},{"@type":"ListItem","position":2,"name":"Collection","item":"https:\/\/dullaertantiques.com\/collection\/"},{"@type":"ListItem","position":3,"name":"The Crucifixion of Christ, Flanders, 16th century"}]},{"@type":"WebSite","@id":"https:\/\/dullaertantiques.com\/#website","url":"https:\/\/dullaertantiques.com\/","name":"Dullaert Art &amp; Antiques","description":"Kunst, Antiquit\u00e4ten, Interieur","publisher":{"@id":"https:\/\/dullaertantiques.com\/#organization"},"potentialAction":[{"@type":"SearchAction","target":{"@type":"EntryPoint","urlTemplate":"https:\/\/dullaertantiques.com\/?s={search_term_string}"},"query-input":{"@type":"PropertyValueSpecification","valueRequired":true,"valueName":"search_term_string"}}],"inLanguage":"de"},{"@type":"Organization","@id":"https:\/\/dullaertantiques.com\/#organization","name":"Dullaert Art &amp; Antiques","url":"https:\/\/dullaertantiques.com\/","logo":{"@type":"ImageObject","inLanguage":"de","@id":"https:\/\/dullaertantiques.com\/#\/schema\/logo\/image\/","url":"https:\/\/dullaertantiques.com\/wp-content\/uploads\/2016\/06\/Logo-3.png","contentUrl":"https:\/\/dullaertantiques.com\/wp-content\/uploads\/2016\/06\/Logo-3.png","width":214,"height":91,"caption":"Dullaert Art & Antiques"},"image":{"@id":"https:\/\/dullaertantiques.com\/#\/schema\/logo\/image\/"},"sameAs":["https:\/\/www.facebook.com\/dullaertantiques\/?fref=ts"]}]}},"_links":{"self":[{"href":"https:\/\/dullaertantiques.com\/de\/wp-json\/wp\/v2\/product\/3193","targetHints":{"allow":["GET"]}}],"collection":[{"href":"https:\/\/dullaertantiques.com\/de\/wp-json\/wp\/v2\/product"}],"about":[{"href":"https:\/\/dullaertantiques.com\/de\/wp-json\/wp\/v2\/types\/product"}],"wp:featuredmedia":[{"embeddable":true,"href":"https:\/\/dullaertantiques.com\/de\/wp-json\/wp\/v2\/media\/3394"}],"wp:attachment":[{"href":"https:\/\/dullaertantiques.com\/de\/wp-json\/wp\/v2\/media?parent=3193"}],"wp:term":[{"taxonomy":"product_brand","embeddable":true,"href":"https:\/\/dullaertantiques.com\/de\/wp-json\/wp\/v2\/product_brand?post=3193"},{"taxonomy":"product_cat","embeddable":true,"href":"https:\/\/dullaertantiques.com\/de\/wp-json\/wp\/v2\/product_cat?post=3193"},{"taxonomy":"product_tag","embeddable":true,"href":"https:\/\/dullaertantiques.com\/de\/wp-json\/wp\/v2\/product_tag?post=3193"}],"curies":[{"name":"wp","href":"https:\/\/api.w.org\/{rel}","templated":true}]}}