{"id":2802,"date":"2022-04-29T12:17:51","date_gmt":"2022-04-29T10:17:51","guid":{"rendered":"https:\/\/dullaertantiques.com\/?post_type=product&#038;p=2802"},"modified":"2025-08-25T10:49:11","modified_gmt":"2025-08-25T08:49:11","slug":"documento-ingles-s-xvii","status":"publish","type":"product","link":"https:\/\/dullaertantiques.com\/es\/winkel\/sold\/english-document-17th-c\/","title":{"rendered":"Documento del s. XVII"},"content":{"rendered":"<p>Documento con una declaraci\u00f3n sobre una transacci\u00f3n - Inglaterra - Siglo XVII<\/p>\n<p>Documento m\u00e1s peque\u00f1o y antiguo (siglos XVI o XVII) en lat\u00edn insertado en un documento m\u00e1s grande en ingl\u00e9s. (fechado Anno Domini 1684)<\/p>\n<p>Con 5 sellos de lacre.<\/p>\n<p>Enmarcado en marco dorado.<\/p>\n<p>Dimensiones: 32,5 x 53 x 0,2 cm.<\/p>\n<p>Dimensiones con marco: 65 x 86 x 5 cm<\/p>","protected":false},"excerpt":{"rendered":"<p>Document with a statement about a transaction &#8211; England &#8211; 17th century Smaller and older (16th or 17th century) document in Latin inserted in a bigger document in English. (dated Anno Domini 1684) With 5 wax seals. Framed in gilded frame. Dimensions: 32,5 x 53 x 0,2 cm. Dimensions with frame: 65 x 86 x [&hellip;]<\/p>\n","protected":false},"featured_media":2803,"template":"","meta":{"_et_pb_use_builder":"","_et_pb_old_content":"","_et_gb_content_width":"","_monsterinsights_skip_tracking":false,"_monsterinsights_sitenote_active":false,"_monsterinsights_sitenote_note":"","_monsterinsights_sitenote_category":0},"product_brand":[],"product_cat":[50],"product_tag":[],"class_list":{"0":"post-2802","1":"product","2":"type-product","3":"status-publish","4":"has-post-thumbnail","6":"product_cat-sold","8":"first","9":"outofstock","10":"sold-individually","11":"shipping-taxable","12":"product-type-simple"},"yoast_head":"<!-- This site is optimized with the Yoast SEO plugin v27.3 - https:\/\/yoast.com\/product\/yoast-seo-wordpress\/ -->\n<title>Document 17th c. - Dullaert Art &amp; Antiques<\/title>\n<meta name=\"description\" content=\"Document with a statement about a transaction - England - 17th centurySmaller and older (16th or 17th century) document in Latin inserted in a bigger document in English. (dated Anno Domini 1684)With 5 wax seals.\" \/>\n<meta name=\"robots\" content=\"index, follow, max-snippet:-1, max-image-preview:large, max-video-preview:-1\" \/>\n<link rel=\"canonical\" href=\"https:\/\/dullaertantiques.com\/es\/winkel\/vendido\/documento-ingles-s-xvii\/\" \/>\n<meta property=\"og:locale\" content=\"es_ES\" \/>\n<meta property=\"og:type\" content=\"article\" \/>\n<meta property=\"og:title\" content=\"Document 17th c. - Dullaert Art &amp; Antiques\" \/>\n<meta property=\"og:description\" content=\"Document with a statement about a transaction - England - 17th centurySmaller and older (16th or 17th century) document in Latin inserted in a bigger document in English. (dated Anno Domini 1684)With 5 wax seals.\" \/>\n<meta property=\"og:url\" content=\"https:\/\/dullaertantiques.com\/es\/winkel\/vendido\/documento-ingles-s-xvii\/\" \/>\n<meta property=\"og:site_name\" content=\"Dullaert Art &amp; Antiques\" \/>\n<meta property=\"article:publisher\" content=\"https:\/\/www.facebook.com\/dullaertantiques\/?fref=ts\" \/>\n<meta property=\"article:modified_time\" content=\"2025-08-25T08:49:11+00:00\" \/>\n<meta property=\"og:image\" content=\"https:\/\/dullaertantiques.com\/wp-content\/uploads\/2022\/04\/Document-zegel.jpg\" \/>\n\t<meta property=\"og:image:width\" content=\"700\" \/>\n\t<meta property=\"og:image:height\" content=\"552\" \/>\n\t<meta property=\"og:image:type\" content=\"image\/jpeg\" \/>\n<meta name=\"twitter:card\" content=\"summary_large_image\" \/>\n<meta name=\"twitter:label1\" content=\"Tiempo de lectura\" \/>\n\t<meta name=\"twitter:data1\" content=\"1 minuto\" \/>\n<script type=\"application\/ld+json\" class=\"yoast-schema-graph\">{\"@context\":\"https:\\\/\\\/schema.org\",\"@graph\":[{\"@type\":\"WebPage\",\"@id\":\"https:\\\/\\\/dullaertantiques.com\\\/winkel\\\/sold\\\/english-document-17th-c\\\/\",\"url\":\"https:\\\/\\\/dullaertantiques.com\\\/winkel\\\/sold\\\/english-document-17th-c\\\/\",\"name\":\"Document 17th c. - Dullaert Art &amp; Antiques\",\"isPartOf\":{\"@id\":\"https:\\\/\\\/dullaertantiques.com\\\/#website\"},\"primaryImageOfPage\":{\"@id\":\"https:\\\/\\\/dullaertantiques.com\\\/winkel\\\/sold\\\/english-document-17th-c\\\/#primaryimage\"},\"image\":{\"@id\":\"https:\\\/\\\/dullaertantiques.com\\\/winkel\\\/sold\\\/english-document-17th-c\\\/#primaryimage\"},\"thumbnailUrl\":\"https:\\\/\\\/dullaertantiques.com\\\/wp-content\\\/uploads\\\/2022\\\/04\\\/Document-zegel.jpg\",\"datePublished\":\"2022-04-29T10:17:51+00:00\",\"dateModified\":\"2025-08-25T08:49:11+00:00\",\"description\":\"Document with a statement about a transaction - England - 17th centurySmaller and older (16th or 17th century) document in Latin inserted in a bigger document in English. (dated Anno Domini 1684)With 5 wax seals.\",\"breadcrumb\":{\"@id\":\"https:\\\/\\\/dullaertantiques.com\\\/winkel\\\/sold\\\/english-document-17th-c\\\/#breadcrumb\"},\"inLanguage\":\"es\",\"potentialAction\":[{\"@type\":\"ReadAction\",\"target\":[\"https:\\\/\\\/dullaertantiques.com\\\/winkel\\\/sold\\\/english-document-17th-c\\\/\"]}]},{\"@type\":\"ImageObject\",\"inLanguage\":\"es\",\"@id\":\"https:\\\/\\\/dullaertantiques.com\\\/winkel\\\/sold\\\/english-document-17th-c\\\/#primaryimage\",\"url\":\"https:\\\/\\\/dullaertantiques.com\\\/wp-content\\\/uploads\\\/2022\\\/04\\\/Document-zegel.jpg\",\"contentUrl\":\"https:\\\/\\\/dullaertantiques.com\\\/wp-content\\\/uploads\\\/2022\\\/04\\\/Document-zegel.jpg\",\"width\":700,\"height\":552},{\"@type\":\"BreadcrumbList\",\"@id\":\"https:\\\/\\\/dullaertantiques.com\\\/winkel\\\/sold\\\/english-document-17th-c\\\/#breadcrumb\",\"itemListElement\":[{\"@type\":\"ListItem\",\"position\":1,\"name\":\"Home\",\"item\":\"https:\\\/\\\/dullaertantiques.com\\\/\"},{\"@type\":\"ListItem\",\"position\":2,\"name\":\"Collection\",\"item\":\"https:\\\/\\\/dullaertantiques.com\\\/collection\\\/\"},{\"@type\":\"ListItem\",\"position\":3,\"name\":\"Document 17th c.\"}]},{\"@type\":\"WebSite\",\"@id\":\"https:\\\/\\\/dullaertantiques.com\\\/#website\",\"url\":\"https:\\\/\\\/dullaertantiques.com\\\/\",\"name\":\"Dullaert Art &amp; Antiques\",\"description\":\"Art, Antiques, Interior\",\"publisher\":{\"@id\":\"https:\\\/\\\/dullaertantiques.com\\\/#organization\"},\"potentialAction\":[{\"@type\":\"SearchAction\",\"target\":{\"@type\":\"EntryPoint\",\"urlTemplate\":\"https:\\\/\\\/dullaertantiques.com\\\/?s={search_term_string}\"},\"query-input\":{\"@type\":\"PropertyValueSpecification\",\"valueRequired\":true,\"valueName\":\"search_term_string\"}}],\"inLanguage\":\"es\"},{\"@type\":\"Organization\",\"@id\":\"https:\\\/\\\/dullaertantiques.com\\\/#organization\",\"name\":\"Dullaert Art & Antiques\",\"url\":\"https:\\\/\\\/dullaertantiques.com\\\/\",\"logo\":{\"@type\":\"ImageObject\",\"inLanguage\":\"es\",\"@id\":\"https:\\\/\\\/dullaertantiques.com\\\/#\\\/schema\\\/logo\\\/image\\\/\",\"url\":\"https:\\\/\\\/dullaertantiques.com\\\/wp-content\\\/uploads\\\/2016\\\/06\\\/Logo-3.png\",\"contentUrl\":\"https:\\\/\\\/dullaertantiques.com\\\/wp-content\\\/uploads\\\/2016\\\/06\\\/Logo-3.png\",\"width\":214,\"height\":91,\"caption\":\"Dullaert Art & Antiques\"},\"image\":{\"@id\":\"https:\\\/\\\/dullaertantiques.com\\\/#\\\/schema\\\/logo\\\/image\\\/\"},\"sameAs\":[\"https:\\\/\\\/www.facebook.com\\\/dullaertantiques\\\/?fref=ts\"]}]}<\/script>\n<!-- \/ Yoast SEO plugin. -->","yoast_head_json":{"title":"Documento s. XVII - Dullaert Art &amp; Antiques","description":"Documento con una declaraci\u00f3n sobre una transacci\u00f3n - Inglaterra - siglo XVIIDocumento m\u00e1s peque\u00f1o y antiguo (siglo XVI o XVII) en lat\u00edn insertado en un documento m\u00e1s grande en ingl\u00e9s. (fechado Anno Domini 1684)Con 5 sellos de cera.","robots":{"index":"index","follow":"follow","max-snippet":"max-snippet:-1","max-image-preview":"max-image-preview:large","max-video-preview":"max-video-preview:-1"},"canonical":"https:\/\/dullaertantiques.com\/es\/winkel\/vendido\/documento-ingles-s-xvii\/","og_locale":"es_ES","og_type":"article","og_title":"Document 17th c. - Dullaert Art &amp; Antiques","og_description":"Document with a statement about a transaction - England - 17th centurySmaller and older (16th or 17th century) document in Latin inserted in a bigger document in English. (dated Anno Domini 1684)With 5 wax seals.","og_url":"https:\/\/dullaertantiques.com\/es\/winkel\/vendido\/documento-ingles-s-xvii\/","og_site_name":"Dullaert Art &amp; Antiques","article_publisher":"https:\/\/www.facebook.com\/dullaertantiques\/?fref=ts","article_modified_time":"2025-08-25T08:49:11+00:00","og_image":[{"width":700,"height":552,"url":"https:\/\/dullaertantiques.com\/wp-content\/uploads\/2022\/04\/Document-zegel.jpg","type":"image\/jpeg"}],"twitter_card":"summary_large_image","twitter_misc":{"Tiempo de lectura":"1 minuto"},"schema":{"@context":"https:\/\/schema.org","@graph":[{"@type":"WebPage","@id":"https:\/\/dullaertantiques.com\/winkel\/sold\/english-document-17th-c\/","url":"https:\/\/dullaertantiques.com\/winkel\/sold\/english-document-17th-c\/","name":"Documento s. XVII - Dullaert Art &amp; Antiques","isPartOf":{"@id":"https:\/\/dullaertantiques.com\/#website"},"primaryImageOfPage":{"@id":"https:\/\/dullaertantiques.com\/winkel\/sold\/english-document-17th-c\/#primaryimage"},"image":{"@id":"https:\/\/dullaertantiques.com\/winkel\/sold\/english-document-17th-c\/#primaryimage"},"thumbnailUrl":"https:\/\/dullaertantiques.com\/wp-content\/uploads\/2022\/04\/Document-zegel.jpg","datePublished":"2022-04-29T10:17:51+00:00","dateModified":"2025-08-25T08:49:11+00:00","description":"Documento con una declaraci\u00f3n sobre una transacci\u00f3n - Inglaterra - siglo XVIIDocumento m\u00e1s peque\u00f1o y antiguo (siglo XVI o XVII) en lat\u00edn insertado en un documento m\u00e1s grande en ingl\u00e9s. (fechado Anno Domini 1684)Con 5 sellos de cera.","breadcrumb":{"@id":"https:\/\/dullaertantiques.com\/winkel\/sold\/english-document-17th-c\/#breadcrumb"},"inLanguage":"es","potentialAction":[{"@type":"ReadAction","target":["https:\/\/dullaertantiques.com\/winkel\/sold\/english-document-17th-c\/"]}]},{"@type":"ImageObject","inLanguage":"es","@id":"https:\/\/dullaertantiques.com\/winkel\/sold\/english-document-17th-c\/#primaryimage","url":"https:\/\/dullaertantiques.com\/wp-content\/uploads\/2022\/04\/Document-zegel.jpg","contentUrl":"https:\/\/dullaertantiques.com\/wp-content\/uploads\/2022\/04\/Document-zegel.jpg","width":700,"height":552},{"@type":"BreadcrumbList","@id":"https:\/\/dullaertantiques.com\/winkel\/sold\/english-document-17th-c\/#breadcrumb","itemListElement":[{"@type":"ListItem","position":1,"name":"Home","item":"https:\/\/dullaertantiques.com\/"},{"@type":"ListItem","position":2,"name":"Collection","item":"https:\/\/dullaertantiques.com\/collection\/"},{"@type":"ListItem","position":3,"name":"Document 17th c."}]},{"@type":"WebSite","@id":"https:\/\/dullaertantiques.com\/#website","url":"https:\/\/dullaertantiques.com\/","name":"Dullaert Art &amp; Antiques","description":"Arte, Antig\u00fcedades, Interior","publisher":{"@id":"https:\/\/dullaertantiques.com\/#organization"},"potentialAction":[{"@type":"SearchAction","target":{"@type":"EntryPoint","urlTemplate":"https:\/\/dullaertantiques.com\/?s={search_term_string}"},"query-input":{"@type":"PropertyValueSpecification","valueRequired":true,"valueName":"search_term_string"}}],"inLanguage":"es"},{"@type":"Organization","@id":"https:\/\/dullaertantiques.com\/#organization","name":"Dullaert Art &amp; Antiques","url":"https:\/\/dullaertantiques.com\/","logo":{"@type":"ImageObject","inLanguage":"es","@id":"https:\/\/dullaertantiques.com\/#\/schema\/logo\/image\/","url":"https:\/\/dullaertantiques.com\/wp-content\/uploads\/2016\/06\/Logo-3.png","contentUrl":"https:\/\/dullaertantiques.com\/wp-content\/uploads\/2016\/06\/Logo-3.png","width":214,"height":91,"caption":"Dullaert Art & Antiques"},"image":{"@id":"https:\/\/dullaertantiques.com\/#\/schema\/logo\/image\/"},"sameAs":["https:\/\/www.facebook.com\/dullaertantiques\/?fref=ts"]}]}},"_links":{"self":[{"href":"https:\/\/dullaertantiques.com\/es\/wp-json\/wp\/v2\/product\/2802","targetHints":{"allow":["GET"]}}],"collection":[{"href":"https:\/\/dullaertantiques.com\/es\/wp-json\/wp\/v2\/product"}],"about":[{"href":"https:\/\/dullaertantiques.com\/es\/wp-json\/wp\/v2\/types\/product"}],"wp:featuredmedia":[{"embeddable":true,"href":"https:\/\/dullaertantiques.com\/es\/wp-json\/wp\/v2\/media\/2803"}],"wp:attachment":[{"href":"https:\/\/dullaertantiques.com\/es\/wp-json\/wp\/v2\/media?parent=2802"}],"wp:term":[{"taxonomy":"product_brand","embeddable":true,"href":"https:\/\/dullaertantiques.com\/es\/wp-json\/wp\/v2\/product_brand?post=2802"},{"taxonomy":"product_cat","embeddable":true,"href":"https:\/\/dullaertantiques.com\/es\/wp-json\/wp\/v2\/product_cat?post=2802"},{"taxonomy":"product_tag","embeddable":true,"href":"https:\/\/dullaertantiques.com\/es\/wp-json\/wp\/v2\/product_tag?post=2802"}],"curies":[{"name":"wp","href":"https:\/\/api.w.org\/{rel}","templated":true}]}}