{"id":2853,"date":"2022-10-25T16:46:10","date_gmt":"2022-10-25T14:46:10","guid":{"rendered":"https:\/\/dullaertantiques.com\/?post_type=product&#038;p=2853"},"modified":"2025-08-21T16:58:19","modified_gmt":"2025-08-21T14:58:19","slug":"machiel-hopman-1928-2001-abstracte-compositie-3","status":"publish","type":"product","link":"https:\/\/dullaertantiques.com\/es\/winkel\/geen-categorie\/machiel-hopman-1928-2001-abstracte-compositie-3\/","title":{"rendered":"Machiel Hopman (1928-2001)"},"content":{"rendered":"<p>Machiel Hopman (1928-2001)<br \/>\nComposici\u00f3n abstracta<br \/>\nFirmado abajo a la derecha Hopman<br \/>\n\u00d3leo sobre tabla<br \/>\n122 x 150 cm.<br \/>\nEx-colecci\u00f3n Galer\u00eda Lenten, Pa\u00edses Bajos<\/p>\n<p>Precio a consultar<\/p>","protected":false},"excerpt":{"rendered":"<p>Machiel Hopman (1928\u20132001) Abstract composition Signed lower right Hopman Oil on board 122 x 150 cm. Ex-collection Gallery Lenten, The Netherlands Price on request<\/p>","protected":false},"featured_media":2852,"template":"","meta":{"_et_pb_use_builder":"","_et_pb_old_content":"","_et_gb_content_width":"","_monsterinsights_skip_tracking":false,"_monsterinsights_sitenote_active":false,"_monsterinsights_sitenote_note":"","_monsterinsights_sitenote_category":0},"product_brand":[],"product_cat":[22],"product_tag":[],"class_list":{"0":"post-2853","1":"product","2":"type-product","3":"status-publish","4":"has-post-thumbnail","6":"product_cat-geen-categorie","8":"first","9":"outofstock","10":"sold-individually","11":"shipping-taxable","12":"product-type-simple"},"yoast_head":"<!-- This site is optimized with the Yoast SEO plugin v27.3 - https:\/\/yoast.com\/product\/yoast-seo-wordpress\/ -->\n<title>Machiel Hopman (1928\u20132001) - Dullaert Art &amp; Antiques<\/title>\n<meta name=\"description\" content=\"Machiel Hopman (1928\u20132001), Abstract composition, Signed lower right Hopman, Oil on board\" \/>\n<meta name=\"robots\" content=\"index, follow, max-snippet:-1, max-image-preview:large, max-video-preview:-1\" \/>\n<link rel=\"canonical\" href=\"https:\/\/dullaertantiques.com\/es\/winkel\/ninguna-categoria\/machiel-hopman-1928-2001-abstracte-compositie-3\/\" \/>\n<meta property=\"og:locale\" content=\"es_ES\" \/>\n<meta property=\"og:type\" content=\"article\" \/>\n<meta property=\"og:title\" content=\"Machiel Hopman (1928\u20132001) - Dullaert Art &amp; Antiques\" \/>\n<meta property=\"og:description\" content=\"Machiel Hopman (1928\u20132001), Abstract composition, Signed lower right Hopman, Oil on board\" \/>\n<meta property=\"og:url\" content=\"https:\/\/dullaertantiques.com\/es\/winkel\/ninguna-categoria\/machiel-hopman-1928-2001-abstracte-compositie-3\/\" \/>\n<meta property=\"og:site_name\" content=\"Dullaert Art &amp; Antiques\" \/>\n<meta property=\"article:publisher\" content=\"https:\/\/www.facebook.com\/dullaertantiques\/?fref=ts\" \/>\n<meta property=\"article:modified_time\" content=\"2025-08-21T14:58:19+00:00\" \/>\n<meta property=\"og:image\" content=\"https:\/\/dullaertantiques.com\/wp-content\/uploads\/2022\/10\/Machiel-Hopman-Abstract-blauw-wit-scaled.jpg\" \/>\n\t<meta property=\"og:image:width\" content=\"2560\" \/>\n\t<meta property=\"og:image:height\" content=\"2007\" \/>\n\t<meta property=\"og:image:type\" content=\"image\/jpeg\" \/>\n<meta name=\"twitter:card\" content=\"summary_large_image\" \/>\n<meta name=\"twitter:label1\" content=\"Tiempo de lectura\" \/>\n\t<meta name=\"twitter:data1\" content=\"1 minuto\" \/>\n<script type=\"application\/ld+json\" class=\"yoast-schema-graph\">{\"@context\":\"https:\\\/\\\/schema.org\",\"@graph\":[{\"@type\":\"WebPage\",\"@id\":\"https:\\\/\\\/dullaertantiques.com\\\/winkel\\\/geen-categorie\\\/machiel-hopman-1928-2001-abstracte-compositie-3\\\/\",\"url\":\"https:\\\/\\\/dullaertantiques.com\\\/winkel\\\/geen-categorie\\\/machiel-hopman-1928-2001-abstracte-compositie-3\\\/\",\"name\":\"Machiel Hopman (1928\u20132001) - Dullaert Art &amp; Antiques\",\"isPartOf\":{\"@id\":\"https:\\\/\\\/dullaertantiques.com\\\/#website\"},\"primaryImageOfPage\":{\"@id\":\"https:\\\/\\\/dullaertantiques.com\\\/winkel\\\/geen-categorie\\\/machiel-hopman-1928-2001-abstracte-compositie-3\\\/#primaryimage\"},\"image\":{\"@id\":\"https:\\\/\\\/dullaertantiques.com\\\/winkel\\\/geen-categorie\\\/machiel-hopman-1928-2001-abstracte-compositie-3\\\/#primaryimage\"},\"thumbnailUrl\":\"https:\\\/\\\/dullaertantiques.com\\\/wp-content\\\/uploads\\\/2022\\\/10\\\/Machiel-Hopman-Abstract-blauw-wit-scaled.jpg\",\"datePublished\":\"2022-10-25T14:46:10+00:00\",\"dateModified\":\"2025-08-21T14:58:19+00:00\",\"description\":\"Machiel Hopman (1928\u20132001), Abstract composition, Signed lower right Hopman, Oil on board\",\"breadcrumb\":{\"@id\":\"https:\\\/\\\/dullaertantiques.com\\\/winkel\\\/geen-categorie\\\/machiel-hopman-1928-2001-abstracte-compositie-3\\\/#breadcrumb\"},\"inLanguage\":\"es\",\"potentialAction\":[{\"@type\":\"ReadAction\",\"target\":[\"https:\\\/\\\/dullaertantiques.com\\\/winkel\\\/geen-categorie\\\/machiel-hopman-1928-2001-abstracte-compositie-3\\\/\"]}]},{\"@type\":\"ImageObject\",\"inLanguage\":\"es\",\"@id\":\"https:\\\/\\\/dullaertantiques.com\\\/winkel\\\/geen-categorie\\\/machiel-hopman-1928-2001-abstracte-compositie-3\\\/#primaryimage\",\"url\":\"https:\\\/\\\/dullaertantiques.com\\\/wp-content\\\/uploads\\\/2022\\\/10\\\/Machiel-Hopman-Abstract-blauw-wit-scaled.jpg\",\"contentUrl\":\"https:\\\/\\\/dullaertantiques.com\\\/wp-content\\\/uploads\\\/2022\\\/10\\\/Machiel-Hopman-Abstract-blauw-wit-scaled.jpg\",\"width\":2560,\"height\":2007},{\"@type\":\"BreadcrumbList\",\"@id\":\"https:\\\/\\\/dullaertantiques.com\\\/winkel\\\/geen-categorie\\\/machiel-hopman-1928-2001-abstracte-compositie-3\\\/#breadcrumb\",\"itemListElement\":[{\"@type\":\"ListItem\",\"position\":1,\"name\":\"Home\",\"item\":\"https:\\\/\\\/dullaertantiques.com\\\/\"},{\"@type\":\"ListItem\",\"position\":2,\"name\":\"Collection\",\"item\":\"https:\\\/\\\/dullaertantiques.com\\\/collection\\\/\"},{\"@type\":\"ListItem\",\"position\":3,\"name\":\"Machiel Hopman (1928\u20132001)\"}]},{\"@type\":\"WebSite\",\"@id\":\"https:\\\/\\\/dullaertantiques.com\\\/#website\",\"url\":\"https:\\\/\\\/dullaertantiques.com\\\/\",\"name\":\"Dullaert Art &amp; Antiques\",\"description\":\"Art, Antiques, Interior\",\"publisher\":{\"@id\":\"https:\\\/\\\/dullaertantiques.com\\\/#organization\"},\"potentialAction\":[{\"@type\":\"SearchAction\",\"target\":{\"@type\":\"EntryPoint\",\"urlTemplate\":\"https:\\\/\\\/dullaertantiques.com\\\/?s={search_term_string}\"},\"query-input\":{\"@type\":\"PropertyValueSpecification\",\"valueRequired\":true,\"valueName\":\"search_term_string\"}}],\"inLanguage\":\"es\"},{\"@type\":\"Organization\",\"@id\":\"https:\\\/\\\/dullaertantiques.com\\\/#organization\",\"name\":\"Dullaert Art & Antiques\",\"url\":\"https:\\\/\\\/dullaertantiques.com\\\/\",\"logo\":{\"@type\":\"ImageObject\",\"inLanguage\":\"es\",\"@id\":\"https:\\\/\\\/dullaertantiques.com\\\/#\\\/schema\\\/logo\\\/image\\\/\",\"url\":\"https:\\\/\\\/dullaertantiques.com\\\/wp-content\\\/uploads\\\/2016\\\/06\\\/Logo-3.png\",\"contentUrl\":\"https:\\\/\\\/dullaertantiques.com\\\/wp-content\\\/uploads\\\/2016\\\/06\\\/Logo-3.png\",\"width\":214,\"height\":91,\"caption\":\"Dullaert Art & Antiques\"},\"image\":{\"@id\":\"https:\\\/\\\/dullaertantiques.com\\\/#\\\/schema\\\/logo\\\/image\\\/\"},\"sameAs\":[\"https:\\\/\\\/www.facebook.com\\\/dullaertantiques\\\/?fref=ts\"]}]}<\/script>\n<!-- \/ Yoast SEO plugin. -->","yoast_head_json":{"title":"Machiel Hopman (1928-2001) - Dullaert Art &amp; Antiques","description":"Machiel Hopman (1928-2001), Composici\u00f3n abstracta, Firmado abajo a la derecha Hopman, \u00d3leo sobre tabla","robots":{"index":"index","follow":"follow","max-snippet":"max-snippet:-1","max-image-preview":"max-image-preview:large","max-video-preview":"max-video-preview:-1"},"canonical":"https:\/\/dullaertantiques.com\/es\/winkel\/ninguna-categoria\/machiel-hopman-1928-2001-abstracte-compositie-3\/","og_locale":"es_ES","og_type":"article","og_title":"Machiel Hopman (1928\u20132001) - Dullaert Art &amp; Antiques","og_description":"Machiel Hopman (1928\u20132001), Abstract composition, Signed lower right Hopman, Oil on board","og_url":"https:\/\/dullaertantiques.com\/es\/winkel\/ninguna-categoria\/machiel-hopman-1928-2001-abstracte-compositie-3\/","og_site_name":"Dullaert Art &amp; Antiques","article_publisher":"https:\/\/www.facebook.com\/dullaertantiques\/?fref=ts","article_modified_time":"2025-08-21T14:58:19+00:00","og_image":[{"width":2560,"height":2007,"url":"https:\/\/dullaertantiques.com\/wp-content\/uploads\/2022\/10\/Machiel-Hopman-Abstract-blauw-wit-scaled.jpg","type":"image\/jpeg"}],"twitter_card":"summary_large_image","twitter_misc":{"Tiempo de lectura":"1 minuto"},"schema":{"@context":"https:\/\/schema.org","@graph":[{"@type":"WebPage","@id":"https:\/\/dullaertantiques.com\/winkel\/geen-categorie\/machiel-hopman-1928-2001-abstracte-compositie-3\/","url":"https:\/\/dullaertantiques.com\/winkel\/geen-categorie\/machiel-hopman-1928-2001-abstracte-compositie-3\/","name":"Machiel Hopman (1928-2001) - Dullaert Art &amp; Antiques","isPartOf":{"@id":"https:\/\/dullaertantiques.com\/#website"},"primaryImageOfPage":{"@id":"https:\/\/dullaertantiques.com\/winkel\/geen-categorie\/machiel-hopman-1928-2001-abstracte-compositie-3\/#primaryimage"},"image":{"@id":"https:\/\/dullaertantiques.com\/winkel\/geen-categorie\/machiel-hopman-1928-2001-abstracte-compositie-3\/#primaryimage"},"thumbnailUrl":"https:\/\/dullaertantiques.com\/wp-content\/uploads\/2022\/10\/Machiel-Hopman-Abstract-blauw-wit-scaled.jpg","datePublished":"2022-10-25T14:46:10+00:00","dateModified":"2025-08-21T14:58:19+00:00","description":"Machiel Hopman (1928-2001), Composici\u00f3n abstracta, Firmado abajo a la derecha Hopman, \u00d3leo sobre tabla","breadcrumb":{"@id":"https:\/\/dullaertantiques.com\/winkel\/geen-categorie\/machiel-hopman-1928-2001-abstracte-compositie-3\/#breadcrumb"},"inLanguage":"es","potentialAction":[{"@type":"ReadAction","target":["https:\/\/dullaertantiques.com\/winkel\/geen-categorie\/machiel-hopman-1928-2001-abstracte-compositie-3\/"]}]},{"@type":"ImageObject","inLanguage":"es","@id":"https:\/\/dullaertantiques.com\/winkel\/geen-categorie\/machiel-hopman-1928-2001-abstracte-compositie-3\/#primaryimage","url":"https:\/\/dullaertantiques.com\/wp-content\/uploads\/2022\/10\/Machiel-Hopman-Abstract-blauw-wit-scaled.jpg","contentUrl":"https:\/\/dullaertantiques.com\/wp-content\/uploads\/2022\/10\/Machiel-Hopman-Abstract-blauw-wit-scaled.jpg","width":2560,"height":2007},{"@type":"BreadcrumbList","@id":"https:\/\/dullaertantiques.com\/winkel\/geen-categorie\/machiel-hopman-1928-2001-abstracte-compositie-3\/#breadcrumb","itemListElement":[{"@type":"ListItem","position":1,"name":"Home","item":"https:\/\/dullaertantiques.com\/"},{"@type":"ListItem","position":2,"name":"Collection","item":"https:\/\/dullaertantiques.com\/collection\/"},{"@type":"ListItem","position":3,"name":"Machiel Hopman (1928\u20132001)"}]},{"@type":"WebSite","@id":"https:\/\/dullaertantiques.com\/#website","url":"https:\/\/dullaertantiques.com\/","name":"Dullaert Art &amp; Antiques","description":"Arte, Antig\u00fcedades, Interior","publisher":{"@id":"https:\/\/dullaertantiques.com\/#organization"},"potentialAction":[{"@type":"SearchAction","target":{"@type":"EntryPoint","urlTemplate":"https:\/\/dullaertantiques.com\/?s={search_term_string}"},"query-input":{"@type":"PropertyValueSpecification","valueRequired":true,"valueName":"search_term_string"}}],"inLanguage":"es"},{"@type":"Organization","@id":"https:\/\/dullaertantiques.com\/#organization","name":"Dullaert Art &amp; Antiques","url":"https:\/\/dullaertantiques.com\/","logo":{"@type":"ImageObject","inLanguage":"es","@id":"https:\/\/dullaertantiques.com\/#\/schema\/logo\/image\/","url":"https:\/\/dullaertantiques.com\/wp-content\/uploads\/2016\/06\/Logo-3.png","contentUrl":"https:\/\/dullaertantiques.com\/wp-content\/uploads\/2016\/06\/Logo-3.png","width":214,"height":91,"caption":"Dullaert Art & Antiques"},"image":{"@id":"https:\/\/dullaertantiques.com\/#\/schema\/logo\/image\/"},"sameAs":["https:\/\/www.facebook.com\/dullaertantiques\/?fref=ts"]}]}},"_links":{"self":[{"href":"https:\/\/dullaertantiques.com\/es\/wp-json\/wp\/v2\/product\/2853","targetHints":{"allow":["GET"]}}],"collection":[{"href":"https:\/\/dullaertantiques.com\/es\/wp-json\/wp\/v2\/product"}],"about":[{"href":"https:\/\/dullaertantiques.com\/es\/wp-json\/wp\/v2\/types\/product"}],"wp:featuredmedia":[{"embeddable":true,"href":"https:\/\/dullaertantiques.com\/es\/wp-json\/wp\/v2\/media\/2852"}],"wp:attachment":[{"href":"https:\/\/dullaertantiques.com\/es\/wp-json\/wp\/v2\/media?parent=2853"}],"wp:term":[{"taxonomy":"product_brand","embeddable":true,"href":"https:\/\/dullaertantiques.com\/es\/wp-json\/wp\/v2\/product_brand?post=2853"},{"taxonomy":"product_cat","embeddable":true,"href":"https:\/\/dullaertantiques.com\/es\/wp-json\/wp\/v2\/product_cat?post=2853"},{"taxonomy":"product_tag","embeddable":true,"href":"https:\/\/dullaertantiques.com\/es\/wp-json\/wp\/v2\/product_tag?post=2853"}],"curies":[{"name":"wp","href":"https:\/\/api.w.org\/{rel}","templated":true}]}}