{"id":3193,"date":"2023-11-15T14:44:41","date_gmt":"2023-11-15T13:44:41","guid":{"rendered":"https:\/\/dullaertantiques.com\/?post_type=product&#038;p=3193"},"modified":"2025-04-10T14:08:56","modified_gmt":"2025-04-10T12:08:56","slug":"la-crucifixion-de-cristo-flandes-siglo-xvi","status":"publish","type":"product","link":"https:\/\/dullaertantiques.com\/es\/winkel\/geen-categorie\/the-crucifixion-of-christ-flanders-16th-century\/","title":{"rendered":"La Crucifixi\u00f3n de Cristo, Flandes, siglo XVI"},"content":{"rendered":"<p>Antigua pintura al \u00f3leo sobre tabla que representa La Crucifixi\u00f3n de Cristo, en esta pintura San Juan y Mar\u00eda flanquean la cruz<br \/>\nSeguidor de los primitivos flamencos,<\/p>\n<p>Flandes, siglo XVI.<\/p>\n<p>\u00d3leo sobre tabla de madera, en marco de fecha posterior.<\/p>\n<p>Dimensiones con marco: 50 x 36 x 4,5 cm.<br \/>\nDimensiones sin marco: 39,5 x 26 cm.<\/p>","protected":false},"excerpt":{"rendered":"<p>Antigua pintura al \u00f3leo sobre tabla que representa La Crucifixi\u00f3n de Cristo, en esta pintura San Juan y Mar\u00eda flanquean la cruz Seguidor de los Primitivos Flamencos, Flandes, siglo XVI. \u00d3leo sobre tabla de madera, en marco de fecha posterior. Dimensiones con marco: 50 x 36 x 4,5 cm. Dimensiones sin marco: 39,5 x 26 cm.<\/p>","protected":false},"featured_media":3394,"template":"","meta":{"_et_pb_use_builder":"","_et_pb_old_content":"","_et_gb_content_width":"","_monsterinsights_skip_tracking":false,"_monsterinsights_sitenote_active":false,"_monsterinsights_sitenote_note":"","_monsterinsights_sitenote_category":0},"product_brand":[],"product_cat":[22],"product_tag":[],"class_list":{"0":"post-3193","1":"product","2":"type-product","3":"status-publish","4":"has-post-thumbnail","6":"product_cat-geen-categorie","8":"first","9":"outofstock","10":"sold-individually","11":"shipping-taxable","12":"product-type-simple"},"yoast_head":"<!-- This site is optimized with the Yoast SEO plugin v27.3 - https:\/\/yoast.com\/product\/yoast-seo-wordpress\/ -->\n<title>The Crucifixion of Christ, Flanders, 16th century - Dullaert Art &amp; Antiques<\/title>\n<meta name=\"robots\" content=\"index, follow, max-snippet:-1, max-image-preview:large, max-video-preview:-1\" \/>\n<link rel=\"canonical\" href=\"https:\/\/dullaertantiques.com\/es\/winkel\/ninguna-categoria\/la-crucifixion-de-cristo-flandes-siglo-xvi\/\" \/>\n<meta property=\"og:locale\" content=\"es_ES\" \/>\n<meta property=\"og:type\" content=\"article\" \/>\n<meta property=\"og:title\" content=\"The Crucifixion of Christ, Flanders, 16th century - Dullaert Art &amp; Antiques\" \/>\n<meta property=\"og:description\" content=\"Antique oil painting on panel depicting The Crucifixion of Christ, in this painting St. John and Mary flank the cross Follower of the Flemish Primitives, Flanders, 16th century. Oil on wooden panel, in frame of later date. Dimensions incl. frame: 50 x 36 x 4.5 cm. Dimensions excl. frame: 39.5 x 26 cm.\" \/>\n<meta property=\"og:url\" content=\"https:\/\/dullaertantiques.com\/es\/winkel\/ninguna-categoria\/la-crucifixion-de-cristo-flandes-siglo-xvi\/\" \/>\n<meta property=\"og:site_name\" content=\"Dullaert Art &amp; Antiques\" \/>\n<meta property=\"article:publisher\" content=\"https:\/\/www.facebook.com\/dullaertantiques\/?fref=ts\" \/>\n<meta property=\"article:modified_time\" content=\"2025-04-10T12:08:56+00:00\" \/>\n<meta property=\"og:image\" content=\"https:\/\/dullaertantiques.com\/wp-content\/uploads\/2024\/01\/Crucifixion.png\" \/>\n\t<meta property=\"og:image:width\" content=\"1080\" \/>\n\t<meta property=\"og:image:height\" content=\"1080\" \/>\n\t<meta property=\"og:image:type\" content=\"image\/png\" \/>\n<meta name=\"twitter:card\" content=\"summary_large_image\" \/>\n<meta name=\"twitter:label1\" content=\"Tiempo de lectura\" \/>\n\t<meta name=\"twitter:data1\" content=\"1 minuto\" \/>\n<script type=\"application\/ld+json\" class=\"yoast-schema-graph\">{\"@context\":\"https:\\\/\\\/schema.org\",\"@graph\":[{\"@type\":\"WebPage\",\"@id\":\"https:\\\/\\\/dullaertantiques.com\\\/winkel\\\/geen-categorie\\\/the-crucifixion-of-christ-flanders-16th-century\\\/\",\"url\":\"https:\\\/\\\/dullaertantiques.com\\\/winkel\\\/geen-categorie\\\/the-crucifixion-of-christ-flanders-16th-century\\\/\",\"name\":\"The Crucifixion of Christ, Flanders, 16th century - Dullaert Art &amp; Antiques\",\"isPartOf\":{\"@id\":\"https:\\\/\\\/dullaertantiques.com\\\/#website\"},\"primaryImageOfPage\":{\"@id\":\"https:\\\/\\\/dullaertantiques.com\\\/winkel\\\/geen-categorie\\\/the-crucifixion-of-christ-flanders-16th-century\\\/#primaryimage\"},\"image\":{\"@id\":\"https:\\\/\\\/dullaertantiques.com\\\/winkel\\\/geen-categorie\\\/the-crucifixion-of-christ-flanders-16th-century\\\/#primaryimage\"},\"thumbnailUrl\":\"https:\\\/\\\/dullaertantiques.com\\\/wp-content\\\/uploads\\\/2024\\\/01\\\/Crucifixion.png\",\"datePublished\":\"2023-11-15T13:44:41+00:00\",\"dateModified\":\"2025-04-10T12:08:56+00:00\",\"breadcrumb\":{\"@id\":\"https:\\\/\\\/dullaertantiques.com\\\/winkel\\\/geen-categorie\\\/the-crucifixion-of-christ-flanders-16th-century\\\/#breadcrumb\"},\"inLanguage\":\"es\",\"potentialAction\":[{\"@type\":\"ReadAction\",\"target\":[\"https:\\\/\\\/dullaertantiques.com\\\/winkel\\\/geen-categorie\\\/the-crucifixion-of-christ-flanders-16th-century\\\/\"]}]},{\"@type\":\"ImageObject\",\"inLanguage\":\"es\",\"@id\":\"https:\\\/\\\/dullaertantiques.com\\\/winkel\\\/geen-categorie\\\/the-crucifixion-of-christ-flanders-16th-century\\\/#primaryimage\",\"url\":\"https:\\\/\\\/dullaertantiques.com\\\/wp-content\\\/uploads\\\/2024\\\/01\\\/Crucifixion.png\",\"contentUrl\":\"https:\\\/\\\/dullaertantiques.com\\\/wp-content\\\/uploads\\\/2024\\\/01\\\/Crucifixion.png\",\"width\":1080,\"height\":1080},{\"@type\":\"BreadcrumbList\",\"@id\":\"https:\\\/\\\/dullaertantiques.com\\\/winkel\\\/geen-categorie\\\/the-crucifixion-of-christ-flanders-16th-century\\\/#breadcrumb\",\"itemListElement\":[{\"@type\":\"ListItem\",\"position\":1,\"name\":\"Home\",\"item\":\"https:\\\/\\\/dullaertantiques.com\\\/\"},{\"@type\":\"ListItem\",\"position\":2,\"name\":\"Collection\",\"item\":\"https:\\\/\\\/dullaertantiques.com\\\/collection\\\/\"},{\"@type\":\"ListItem\",\"position\":3,\"name\":\"The Crucifixion of Christ, Flanders, 16th century\"}]},{\"@type\":\"WebSite\",\"@id\":\"https:\\\/\\\/dullaertantiques.com\\\/#website\",\"url\":\"https:\\\/\\\/dullaertantiques.com\\\/\",\"name\":\"Dullaert Art &amp; Antiques\",\"description\":\"Art, Antiques, Interior\",\"publisher\":{\"@id\":\"https:\\\/\\\/dullaertantiques.com\\\/#organization\"},\"potentialAction\":[{\"@type\":\"SearchAction\",\"target\":{\"@type\":\"EntryPoint\",\"urlTemplate\":\"https:\\\/\\\/dullaertantiques.com\\\/?s={search_term_string}\"},\"query-input\":{\"@type\":\"PropertyValueSpecification\",\"valueRequired\":true,\"valueName\":\"search_term_string\"}}],\"inLanguage\":\"es\"},{\"@type\":\"Organization\",\"@id\":\"https:\\\/\\\/dullaertantiques.com\\\/#organization\",\"name\":\"Dullaert Art & Antiques\",\"url\":\"https:\\\/\\\/dullaertantiques.com\\\/\",\"logo\":{\"@type\":\"ImageObject\",\"inLanguage\":\"es\",\"@id\":\"https:\\\/\\\/dullaertantiques.com\\\/#\\\/schema\\\/logo\\\/image\\\/\",\"url\":\"https:\\\/\\\/dullaertantiques.com\\\/wp-content\\\/uploads\\\/2016\\\/06\\\/Logo-3.png\",\"contentUrl\":\"https:\\\/\\\/dullaertantiques.com\\\/wp-content\\\/uploads\\\/2016\\\/06\\\/Logo-3.png\",\"width\":214,\"height\":91,\"caption\":\"Dullaert Art & Antiques\"},\"image\":{\"@id\":\"https:\\\/\\\/dullaertantiques.com\\\/#\\\/schema\\\/logo\\\/image\\\/\"},\"sameAs\":[\"https:\\\/\\\/www.facebook.com\\\/dullaertantiques\\\/?fref=ts\"]}]}<\/script>\n<!-- \/ Yoast SEO plugin. -->","yoast_head_json":{"title":"La Crucifixi\u00f3n de Cristo, Flandes, siglo XVI - Dullaert Art &amp; Antiques","robots":{"index":"index","follow":"follow","max-snippet":"max-snippet:-1","max-image-preview":"max-image-preview:large","max-video-preview":"max-video-preview:-1"},"canonical":"https:\/\/dullaertantiques.com\/es\/winkel\/ninguna-categoria\/la-crucifixion-de-cristo-flandes-siglo-xvi\/","og_locale":"es_ES","og_type":"article","og_title":"The Crucifixion of Christ, Flanders, 16th century - Dullaert Art &amp; Antiques","og_description":"Antique oil painting on panel depicting The Crucifixion of Christ, in this painting St. John and Mary flank the cross Follower of the Flemish Primitives, Flanders, 16th century. Oil on wooden panel, in frame of later date. Dimensions incl. frame: 50 x 36 x 4.5 cm. Dimensions excl. frame: 39.5 x 26 cm.","og_url":"https:\/\/dullaertantiques.com\/es\/winkel\/ninguna-categoria\/la-crucifixion-de-cristo-flandes-siglo-xvi\/","og_site_name":"Dullaert Art &amp; Antiques","article_publisher":"https:\/\/www.facebook.com\/dullaertantiques\/?fref=ts","article_modified_time":"2025-04-10T12:08:56+00:00","og_image":[{"width":1080,"height":1080,"url":"https:\/\/dullaertantiques.com\/wp-content\/uploads\/2024\/01\/Crucifixion.png","type":"image\/png"}],"twitter_card":"summary_large_image","twitter_misc":{"Tiempo de lectura":"1 minuto"},"schema":{"@context":"https:\/\/schema.org","@graph":[{"@type":"WebPage","@id":"https:\/\/dullaertantiques.com\/winkel\/geen-categorie\/the-crucifixion-of-christ-flanders-16th-century\/","url":"https:\/\/dullaertantiques.com\/winkel\/geen-categorie\/the-crucifixion-of-christ-flanders-16th-century\/","name":"La Crucifixi\u00f3n de Cristo, Flandes, siglo XVI - Dullaert Art &amp; Antiques","isPartOf":{"@id":"https:\/\/dullaertantiques.com\/#website"},"primaryImageOfPage":{"@id":"https:\/\/dullaertantiques.com\/winkel\/geen-categorie\/the-crucifixion-of-christ-flanders-16th-century\/#primaryimage"},"image":{"@id":"https:\/\/dullaertantiques.com\/winkel\/geen-categorie\/the-crucifixion-of-christ-flanders-16th-century\/#primaryimage"},"thumbnailUrl":"https:\/\/dullaertantiques.com\/wp-content\/uploads\/2024\/01\/Crucifixion.png","datePublished":"2023-11-15T13:44:41+00:00","dateModified":"2025-04-10T12:08:56+00:00","breadcrumb":{"@id":"https:\/\/dullaertantiques.com\/winkel\/geen-categorie\/the-crucifixion-of-christ-flanders-16th-century\/#breadcrumb"},"inLanguage":"es","potentialAction":[{"@type":"ReadAction","target":["https:\/\/dullaertantiques.com\/winkel\/geen-categorie\/the-crucifixion-of-christ-flanders-16th-century\/"]}]},{"@type":"ImageObject","inLanguage":"es","@id":"https:\/\/dullaertantiques.com\/winkel\/geen-categorie\/the-crucifixion-of-christ-flanders-16th-century\/#primaryimage","url":"https:\/\/dullaertantiques.com\/wp-content\/uploads\/2024\/01\/Crucifixion.png","contentUrl":"https:\/\/dullaertantiques.com\/wp-content\/uploads\/2024\/01\/Crucifixion.png","width":1080,"height":1080},{"@type":"BreadcrumbList","@id":"https:\/\/dullaertantiques.com\/winkel\/geen-categorie\/the-crucifixion-of-christ-flanders-16th-century\/#breadcrumb","itemListElement":[{"@type":"ListItem","position":1,"name":"Home","item":"https:\/\/dullaertantiques.com\/"},{"@type":"ListItem","position":2,"name":"Collection","item":"https:\/\/dullaertantiques.com\/collection\/"},{"@type":"ListItem","position":3,"name":"The Crucifixion of Christ, Flanders, 16th century"}]},{"@type":"WebSite","@id":"https:\/\/dullaertantiques.com\/#website","url":"https:\/\/dullaertantiques.com\/","name":"Dullaert Art &amp; Antiques","description":"Arte, Antig\u00fcedades, Interior","publisher":{"@id":"https:\/\/dullaertantiques.com\/#organization"},"potentialAction":[{"@type":"SearchAction","target":{"@type":"EntryPoint","urlTemplate":"https:\/\/dullaertantiques.com\/?s={search_term_string}"},"query-input":{"@type":"PropertyValueSpecification","valueRequired":true,"valueName":"search_term_string"}}],"inLanguage":"es"},{"@type":"Organization","@id":"https:\/\/dullaertantiques.com\/#organization","name":"Dullaert Art &amp; Antiques","url":"https:\/\/dullaertantiques.com\/","logo":{"@type":"ImageObject","inLanguage":"es","@id":"https:\/\/dullaertantiques.com\/#\/schema\/logo\/image\/","url":"https:\/\/dullaertantiques.com\/wp-content\/uploads\/2016\/06\/Logo-3.png","contentUrl":"https:\/\/dullaertantiques.com\/wp-content\/uploads\/2016\/06\/Logo-3.png","width":214,"height":91,"caption":"Dullaert Art & Antiques"},"image":{"@id":"https:\/\/dullaertantiques.com\/#\/schema\/logo\/image\/"},"sameAs":["https:\/\/www.facebook.com\/dullaertantiques\/?fref=ts"]}]}},"_links":{"self":[{"href":"https:\/\/dullaertantiques.com\/es\/wp-json\/wp\/v2\/product\/3193","targetHints":{"allow":["GET"]}}],"collection":[{"href":"https:\/\/dullaertantiques.com\/es\/wp-json\/wp\/v2\/product"}],"about":[{"href":"https:\/\/dullaertantiques.com\/es\/wp-json\/wp\/v2\/types\/product"}],"wp:featuredmedia":[{"embeddable":true,"href":"https:\/\/dullaertantiques.com\/es\/wp-json\/wp\/v2\/media\/3394"}],"wp:attachment":[{"href":"https:\/\/dullaertantiques.com\/es\/wp-json\/wp\/v2\/media?parent=3193"}],"wp:term":[{"taxonomy":"product_brand","embeddable":true,"href":"https:\/\/dullaertantiques.com\/es\/wp-json\/wp\/v2\/product_brand?post=3193"},{"taxonomy":"product_cat","embeddable":true,"href":"https:\/\/dullaertantiques.com\/es\/wp-json\/wp\/v2\/product_cat?post=3193"},{"taxonomy":"product_tag","embeddable":true,"href":"https:\/\/dullaertantiques.com\/es\/wp-json\/wp\/v2\/product_tag?post=3193"}],"curies":[{"name":"wp","href":"https:\/\/api.w.org\/{rel}","templated":true}]}}