{"id":6004,"date":"2025-06-04T14:30:57","date_gmt":"2025-06-04T12:30:57","guid":{"rendered":"https:\/\/dullaertantiques.com\/winkel\/uncategorized\/embriachi-wedding-casket\/"},"modified":"2025-12-08T14:45:25","modified_gmt":"2025-12-08T13:45:25","slug":"embriachi-wedding-casket","status":"publish","type":"product","link":"https:\/\/dullaertantiques.com\/es\/winkel\/sold\/embriachi-wedding-casket\/","title":{"rendered":"Embriachi wedding casket"},"content":{"rendered":"<p>Descubra la delicada belleza de este cofre nupcial Embriachi, fabricado en la Italia del siglo XV. Realizado con paneles de hueso y cuerno tallados con esmero y engarzados en madera, esta pieza se dise\u00f1\u00f3 como un lujoso regalo nupcial para guardar preciados recuerdos. Las detalladas escenas celebran el amor y el matrimonio, mostrando la excepcional habilidad del taller Embriachi.<\/p>\n<p>With a domed lid with certosina work and carved plaques, Embriachi workshop, circle of, with wrought iron handle. Italy XVth century.<br \/>\nLength: 15 cm.<\/p>\n<p>Older restorations, presumably the bottom replaced, needs some restoration (part of bone strip on the back detached)<br \/>\nEl taller Embriachi, fundado por Baldassare degli Embriachi, estuvo activo desde finales del siglo XIV hasta principios del XV, primero en Florencia y m\u00e1s tarde en Venecia. Conocidos por su dominio de la certosina -una compleja t\u00e9cnica de marqueter\u00eda que combina madera te\u00f1ida, hueso y cuerno-, produjeron retablos, tr\u00edpticos y ata\u00fades matrimoniales para prestigiosos mecenas del norte de Italia y Borgo\u00f1a.<\/p>\n<div style=\"padding: 56.25% 0 0 0; position: relative;\"><iframe style=\"position: absolute; top: 0; left: 0; width: 100%; height: 100%;\" title=\"Video Embriachi casket\" src=\"https:\/\/player.vimeo.com\/video\/1125479247?h=d6d9d11d8e&amp;badge=0&amp;autopause=0&amp;player_id=0&amp;app_id=58479&amp;autoplay=1&amp;loop=1\" frameborder=\"0\"><\/iframe><\/div>\n<p><script src=\"https:\/\/player.vimeo.com\/api\/player.js\"><\/script><\/p>","protected":false},"excerpt":{"rendered":"<p>Discover the delicate beauty of this Embriachi wedding casket, crafted in 15th-century Italy. Made with intricately carved bone and horn panels set in wood, this piece was designed as a luxurious bridal gift to hold precious keepsakes. The detailed scenes celebrate love and marriage, showcasing the exceptional skill of the Embriachi workshop. With a domed [&hellip;]<\/p>\n","protected":false},"featured_media":5997,"template":"","meta":{"_et_pb_use_builder":"","_et_pb_old_content":"","_et_gb_content_width":"","_monsterinsights_skip_tracking":false,"_monsterinsights_sitenote_active":false,"_monsterinsights_sitenote_note":"","_monsterinsights_sitenote_category":0},"product_brand":[],"product_cat":[50],"product_tag":[],"class_list":{"0":"post-6004","1":"product","2":"type-product","3":"status-publish","4":"has-post-thumbnail","6":"product_cat-sold","8":"first","9":"outofstock","10":"shipping-taxable","11":"product-type-simple"},"yoast_head":"<!-- This site is optimized with the Yoast SEO plugin v27.3 - https:\/\/yoast.com\/product\/yoast-seo-wordpress\/ -->\n<title>Antique Embriachi wedding casket - Dullaert Antiques<\/title>\n<meta name=\"description\" content=\"Authentic embriachi wedding casket from Dullaert Antiques. High quality antique pieces with detailed craftsmanship.\" \/>\n<meta name=\"robots\" content=\"index, follow, max-snippet:-1, max-image-preview:large, max-video-preview:-1\" \/>\n<link rel=\"canonical\" href=\"https:\/\/dullaertantiques.com\/es\/winkel\/vendido\/embriachi-wedding-casket\/\" \/>\n<meta property=\"og:locale\" content=\"es_ES\" \/>\n<meta property=\"og:type\" content=\"article\" \/>\n<meta property=\"og:title\" content=\"Antique Embriachi wedding casket - Dullaert Antiques\" \/>\n<meta property=\"og:description\" content=\"Authentic embriachi wedding casket from Dullaert Antiques. High quality antique pieces with detailed craftsmanship.\" \/>\n<meta property=\"og:url\" content=\"https:\/\/dullaertantiques.com\/es\/winkel\/vendido\/embriachi-wedding-casket\/\" \/>\n<meta property=\"og:site_name\" content=\"Dullaert Art &amp; Antiques\" \/>\n<meta property=\"article:publisher\" content=\"https:\/\/www.facebook.com\/dullaertantiques\/?fref=ts\" \/>\n<meta property=\"article:modified_time\" content=\"2025-12-08T13:45:25+00:00\" \/>\n<meta property=\"og:image\" content=\"https:\/\/dullaertantiques.com\/wp-content\/uploads\/2025\/06\/embriachi-wedding-casket-14.jpg\" \/>\n\t<meta property=\"og:image:width\" content=\"1200\" \/>\n\t<meta property=\"og:image:height\" content=\"978\" \/>\n\t<meta property=\"og:image:type\" content=\"image\/jpeg\" \/>\n<meta name=\"twitter:card\" content=\"summary_large_image\" \/>\n<meta name=\"twitter:label1\" content=\"Tiempo de lectura\" \/>\n\t<meta name=\"twitter:data1\" content=\"1 minuto\" \/>\n<script type=\"application\/ld+json\" class=\"yoast-schema-graph\">{\"@context\":\"https:\\\/\\\/schema.org\",\"@graph\":[{\"@type\":\"WebPage\",\"@id\":\"https:\\\/\\\/dullaertantiques.com\\\/winkel\\\/sold\\\/embriachi-wedding-casket\\\/\",\"url\":\"https:\\\/\\\/dullaertantiques.com\\\/winkel\\\/sold\\\/embriachi-wedding-casket\\\/\",\"name\":\"Antique Embriachi wedding casket - Dullaert Antiques\",\"isPartOf\":{\"@id\":\"https:\\\/\\\/dullaertantiques.com\\\/#website\"},\"primaryImageOfPage\":{\"@id\":\"https:\\\/\\\/dullaertantiques.com\\\/winkel\\\/sold\\\/embriachi-wedding-casket\\\/#primaryimage\"},\"image\":{\"@id\":\"https:\\\/\\\/dullaertantiques.com\\\/winkel\\\/sold\\\/embriachi-wedding-casket\\\/#primaryimage\"},\"thumbnailUrl\":\"https:\\\/\\\/dullaertantiques.com\\\/wp-content\\\/uploads\\\/2025\\\/06\\\/embriachi-wedding-casket-14.jpg\",\"datePublished\":\"2025-06-04T12:30:57+00:00\",\"dateModified\":\"2025-12-08T13:45:25+00:00\",\"description\":\"Authentic embriachi wedding casket from Dullaert Antiques. High quality antique pieces with detailed craftsmanship.\",\"breadcrumb\":{\"@id\":\"https:\\\/\\\/dullaertantiques.com\\\/winkel\\\/sold\\\/embriachi-wedding-casket\\\/#breadcrumb\"},\"inLanguage\":\"es\",\"potentialAction\":[{\"@type\":\"ReadAction\",\"target\":[\"https:\\\/\\\/dullaertantiques.com\\\/winkel\\\/sold\\\/embriachi-wedding-casket\\\/\"]}]},{\"@type\":\"ImageObject\",\"inLanguage\":\"es\",\"@id\":\"https:\\\/\\\/dullaertantiques.com\\\/winkel\\\/sold\\\/embriachi-wedding-casket\\\/#primaryimage\",\"url\":\"https:\\\/\\\/dullaertantiques.com\\\/wp-content\\\/uploads\\\/2025\\\/06\\\/embriachi-wedding-casket-14.jpg\",\"contentUrl\":\"https:\\\/\\\/dullaertantiques.com\\\/wp-content\\\/uploads\\\/2025\\\/06\\\/embriachi-wedding-casket-14.jpg\",\"width\":1200,\"height\":978,\"caption\":\"Embriachi wedding casket - Antique from Dullaert Antiques\"},{\"@type\":\"BreadcrumbList\",\"@id\":\"https:\\\/\\\/dullaertantiques.com\\\/winkel\\\/sold\\\/embriachi-wedding-casket\\\/#breadcrumb\",\"itemListElement\":[{\"@type\":\"ListItem\",\"position\":1,\"name\":\"Home\",\"item\":\"https:\\\/\\\/dullaertantiques.com\\\/\"},{\"@type\":\"ListItem\",\"position\":2,\"name\":\"Collection\",\"item\":\"https:\\\/\\\/dullaertantiques.com\\\/collection\\\/\"},{\"@type\":\"ListItem\",\"position\":3,\"name\":\"Embriachi wedding casket\"}]},{\"@type\":\"WebSite\",\"@id\":\"https:\\\/\\\/dullaertantiques.com\\\/#website\",\"url\":\"https:\\\/\\\/dullaertantiques.com\\\/\",\"name\":\"Dullaert Art &amp; Antiques\",\"description\":\"Art, Antiques, Interior\",\"publisher\":{\"@id\":\"https:\\\/\\\/dullaertantiques.com\\\/#organization\"},\"potentialAction\":[{\"@type\":\"SearchAction\",\"target\":{\"@type\":\"EntryPoint\",\"urlTemplate\":\"https:\\\/\\\/dullaertantiques.com\\\/?s={search_term_string}\"},\"query-input\":{\"@type\":\"PropertyValueSpecification\",\"valueRequired\":true,\"valueName\":\"search_term_string\"}}],\"inLanguage\":\"es\"},{\"@type\":\"Organization\",\"@id\":\"https:\\\/\\\/dullaertantiques.com\\\/#organization\",\"name\":\"Dullaert Art & Antiques\",\"url\":\"https:\\\/\\\/dullaertantiques.com\\\/\",\"logo\":{\"@type\":\"ImageObject\",\"inLanguage\":\"es\",\"@id\":\"https:\\\/\\\/dullaertantiques.com\\\/#\\\/schema\\\/logo\\\/image\\\/\",\"url\":\"https:\\\/\\\/dullaertantiques.com\\\/wp-content\\\/uploads\\\/2016\\\/06\\\/Logo-3.png\",\"contentUrl\":\"https:\\\/\\\/dullaertantiques.com\\\/wp-content\\\/uploads\\\/2016\\\/06\\\/Logo-3.png\",\"width\":214,\"height\":91,\"caption\":\"Dullaert Art & Antiques\"},\"image\":{\"@id\":\"https:\\\/\\\/dullaertantiques.com\\\/#\\\/schema\\\/logo\\\/image\\\/\"},\"sameAs\":[\"https:\\\/\\\/www.facebook.com\\\/dullaertantiques\\\/?fref=ts\"]}]}<\/script>\n<!-- \/ Yoast SEO plugin. -->","yoast_head_json":{"title":"Antique Embriachi wedding casket - Dullaert Antiques","description":"Authentic embriachi wedding casket from Dullaert Antiques. High quality antique pieces with detailed craftsmanship.","robots":{"index":"index","follow":"follow","max-snippet":"max-snippet:-1","max-image-preview":"max-image-preview:large","max-video-preview":"max-video-preview:-1"},"canonical":"https:\/\/dullaertantiques.com\/es\/winkel\/vendido\/embriachi-wedding-casket\/","og_locale":"es_ES","og_type":"article","og_title":"Antique Embriachi wedding casket - Dullaert Antiques","og_description":"Authentic embriachi wedding casket from Dullaert Antiques. High quality antique pieces with detailed craftsmanship.","og_url":"https:\/\/dullaertantiques.com\/es\/winkel\/vendido\/embriachi-wedding-casket\/","og_site_name":"Dullaert Art &amp; Antiques","article_publisher":"https:\/\/www.facebook.com\/dullaertantiques\/?fref=ts","article_modified_time":"2025-12-08T13:45:25+00:00","og_image":[{"width":1200,"height":978,"url":"https:\/\/dullaertantiques.com\/wp-content\/uploads\/2025\/06\/embriachi-wedding-casket-14.jpg","type":"image\/jpeg"}],"twitter_card":"summary_large_image","twitter_misc":{"Tiempo de lectura":"1 minuto"},"schema":{"@context":"https:\/\/schema.org","@graph":[{"@type":"WebPage","@id":"https:\/\/dullaertantiques.com\/winkel\/sold\/embriachi-wedding-casket\/","url":"https:\/\/dullaertantiques.com\/winkel\/sold\/embriachi-wedding-casket\/","name":"Antique Embriachi wedding casket - Dullaert Antiques","isPartOf":{"@id":"https:\/\/dullaertantiques.com\/#website"},"primaryImageOfPage":{"@id":"https:\/\/dullaertantiques.com\/winkel\/sold\/embriachi-wedding-casket\/#primaryimage"},"image":{"@id":"https:\/\/dullaertantiques.com\/winkel\/sold\/embriachi-wedding-casket\/#primaryimage"},"thumbnailUrl":"https:\/\/dullaertantiques.com\/wp-content\/uploads\/2025\/06\/embriachi-wedding-casket-14.jpg","datePublished":"2025-06-04T12:30:57+00:00","dateModified":"2025-12-08T13:45:25+00:00","description":"Authentic embriachi wedding casket from Dullaert Antiques. High quality antique pieces with detailed craftsmanship.","breadcrumb":{"@id":"https:\/\/dullaertantiques.com\/winkel\/sold\/embriachi-wedding-casket\/#breadcrumb"},"inLanguage":"es","potentialAction":[{"@type":"ReadAction","target":["https:\/\/dullaertantiques.com\/winkel\/sold\/embriachi-wedding-casket\/"]}]},{"@type":"ImageObject","inLanguage":"es","@id":"https:\/\/dullaertantiques.com\/winkel\/sold\/embriachi-wedding-casket\/#primaryimage","url":"https:\/\/dullaertantiques.com\/wp-content\/uploads\/2025\/06\/embriachi-wedding-casket-14.jpg","contentUrl":"https:\/\/dullaertantiques.com\/wp-content\/uploads\/2025\/06\/embriachi-wedding-casket-14.jpg","width":1200,"height":978,"caption":"Embriachi wedding casket - Antique from Dullaert Antiques"},{"@type":"BreadcrumbList","@id":"https:\/\/dullaertantiques.com\/winkel\/sold\/embriachi-wedding-casket\/#breadcrumb","itemListElement":[{"@type":"ListItem","position":1,"name":"Home","item":"https:\/\/dullaertantiques.com\/"},{"@type":"ListItem","position":2,"name":"Collection","item":"https:\/\/dullaertantiques.com\/collection\/"},{"@type":"ListItem","position":3,"name":"Embriachi wedding casket"}]},{"@type":"WebSite","@id":"https:\/\/dullaertantiques.com\/#website","url":"https:\/\/dullaertantiques.com\/","name":"Dullaert Art &amp; Antiques","description":"Arte, Antig\u00fcedades, Interior","publisher":{"@id":"https:\/\/dullaertantiques.com\/#organization"},"potentialAction":[{"@type":"SearchAction","target":{"@type":"EntryPoint","urlTemplate":"https:\/\/dullaertantiques.com\/?s={search_term_string}"},"query-input":{"@type":"PropertyValueSpecification","valueRequired":true,"valueName":"search_term_string"}}],"inLanguage":"es"},{"@type":"Organization","@id":"https:\/\/dullaertantiques.com\/#organization","name":"Dullaert Art &amp; Antiques","url":"https:\/\/dullaertantiques.com\/","logo":{"@type":"ImageObject","inLanguage":"es","@id":"https:\/\/dullaertantiques.com\/#\/schema\/logo\/image\/","url":"https:\/\/dullaertantiques.com\/wp-content\/uploads\/2016\/06\/Logo-3.png","contentUrl":"https:\/\/dullaertantiques.com\/wp-content\/uploads\/2016\/06\/Logo-3.png","width":214,"height":91,"caption":"Dullaert Art & Antiques"},"image":{"@id":"https:\/\/dullaertantiques.com\/#\/schema\/logo\/image\/"},"sameAs":["https:\/\/www.facebook.com\/dullaertantiques\/?fref=ts"]}]}},"_links":{"self":[{"href":"https:\/\/dullaertantiques.com\/es\/wp-json\/wp\/v2\/product\/6004","targetHints":{"allow":["GET"]}}],"collection":[{"href":"https:\/\/dullaertantiques.com\/es\/wp-json\/wp\/v2\/product"}],"about":[{"href":"https:\/\/dullaertantiques.com\/es\/wp-json\/wp\/v2\/types\/product"}],"wp:featuredmedia":[{"embeddable":true,"href":"https:\/\/dullaertantiques.com\/es\/wp-json\/wp\/v2\/media\/5997"}],"wp:attachment":[{"href":"https:\/\/dullaertantiques.com\/es\/wp-json\/wp\/v2\/media?parent=6004"}],"wp:term":[{"taxonomy":"product_brand","embeddable":true,"href":"https:\/\/dullaertantiques.com\/es\/wp-json\/wp\/v2\/product_brand?post=6004"},{"taxonomy":"product_cat","embeddable":true,"href":"https:\/\/dullaertantiques.com\/es\/wp-json\/wp\/v2\/product_cat?post=6004"},{"taxonomy":"product_tag","embeddable":true,"href":"https:\/\/dullaertantiques.com\/es\/wp-json\/wp\/v2\/product_tag?post=6004"}],"curies":[{"name":"wp","href":"https:\/\/api.w.org\/{rel}","templated":true}]}}