{"id":2861,"date":"2022-10-27T13:43:28","date_gmt":"2022-10-27T11:43:28","guid":{"rendered":"https:\/\/dullaertantiques.com\/?post_type=product&#038;p=2861"},"modified":"2025-08-25T10:47:54","modified_gmt":"2025-08-25T08:47:54","slug":"terre-cuite-muzikant-han-dynastie","status":"publish","type":"product","link":"https:\/\/dullaertantiques.com\/fr\/winkel\/sold\/terracotta-muzikant-han-dynastie\/","title":{"rendered":"Musicien en terre cuite, dynastie des Han orientaux"},"content":{"rendered":"<p>Figurine en terre cuite rouge repr\u00e9sentant un musicien en position assise avec un instrument \u00e0 cordes entre les genoux, les cheveux sont hauts.<br \/>\nrentr\u00e9 dans un bonnet, Sichuan, Chinois, Dynastie des Han de l'Est (25-220)<\/p>\n<p>H. 32 x l. 23 cm<\/p>\n<p>(Provenance : Vanderven, Oriental Art, 's-Hertogenbosch, 1994)<\/p>\n<p>Prix sur demande<\/p>","protected":false},"excerpt":{"rendered":"<p>A red terracotta figure representing a musician in a sitting position with a stringed instrument between the knees, the hair is high tucked into a cap, Sichuan, Chinese, Eastern Han Dynasty (25-220) H. 32 x w. 23 cm (Provenance: Vanderven, Oriental Art, &#8216;s-Hertogenbosch, 1994) Price on request<\/p>","protected":false},"featured_media":3420,"template":"","meta":{"_et_pb_use_builder":"","_et_pb_old_content":"","_et_gb_content_width":"","_monsterinsights_skip_tracking":false,"_monsterinsights_sitenote_active":false,"_monsterinsights_sitenote_note":"","_monsterinsights_sitenote_category":0},"product_brand":[],"product_cat":[50],"product_tag":[],"class_list":{"0":"post-2861","1":"product","2":"type-product","3":"status-publish","4":"has-post-thumbnail","6":"product_cat-sold","8":"first","9":"outofstock","10":"sold-individually","11":"shipping-taxable","12":"product-type-simple"},"yoast_head":"<!-- This site is optimized with the Yoast SEO plugin v27.3 - https:\/\/yoast.com\/product\/yoast-seo-wordpress\/ -->\n<title>Terracotta musician, Eastern Han dynasty - Dullaert Art &amp; Antiques<\/title>\n<meta name=\"description\" content=\"A red terracotta figure representing a musician in a sitting position with a stringed instrument between the knees, the hair is hightucked into a cap, Sichuan, Chinese, Eastern Han Dynasty (25-220)\" \/>\n<meta name=\"robots\" content=\"index, follow, max-snippet:-1, max-image-preview:large, max-video-preview:-1\" \/>\n<link rel=\"canonical\" href=\"https:\/\/dullaertantiques.com\/fr\/winkel\/vendu\/terre-cuite-muzikant-han-dynastie\/\" \/>\n<meta property=\"og:locale\" content=\"fr_FR\" \/>\n<meta property=\"og:type\" content=\"article\" \/>\n<meta property=\"og:title\" content=\"Terracotta musician, Eastern Han dynasty - Dullaert Art &amp; Antiques\" \/>\n<meta property=\"og:description\" content=\"A red terracotta figure representing a musician in a sitting position with a stringed instrument between the knees, the hair is hightucked into a cap, Sichuan, Chinese, Eastern Han Dynasty (25-220)\" \/>\n<meta property=\"og:url\" content=\"https:\/\/dullaertantiques.com\/fr\/winkel\/vendu\/terre-cuite-muzikant-han-dynastie\/\" \/>\n<meta property=\"og:site_name\" content=\"Dullaert Art &amp; Antiques\" \/>\n<meta property=\"article:publisher\" content=\"https:\/\/www.facebook.com\/dullaertantiques\/?fref=ts\" \/>\n<meta property=\"article:modified_time\" content=\"2025-08-25T08:47:54+00:00\" \/>\n<meta property=\"og:image\" content=\"https:\/\/dullaertantiques.com\/wp-content\/uploads\/2022\/10\/Musician.png\" \/>\n\t<meta property=\"og:image:width\" content=\"1080\" \/>\n\t<meta property=\"og:image:height\" content=\"1080\" \/>\n\t<meta property=\"og:image:type\" content=\"image\/png\" \/>\n<meta name=\"twitter:card\" content=\"summary_large_image\" \/>\n<meta name=\"twitter:label1\" content=\"Dur\u00e9e de lecture estim\u00e9e\" \/>\n\t<meta name=\"twitter:data1\" content=\"1 minute\" \/>\n<script type=\"application\/ld+json\" class=\"yoast-schema-graph\">{\"@context\":\"https:\\\/\\\/schema.org\",\"@graph\":[{\"@type\":\"WebPage\",\"@id\":\"https:\\\/\\\/dullaertantiques.com\\\/winkel\\\/sold\\\/terracotta-muzikant-han-dynastie\\\/\",\"url\":\"https:\\\/\\\/dullaertantiques.com\\\/winkel\\\/sold\\\/terracotta-muzikant-han-dynastie\\\/\",\"name\":\"Terracotta musician, Eastern Han dynasty - Dullaert Art &amp; Antiques\",\"isPartOf\":{\"@id\":\"https:\\\/\\\/dullaertantiques.com\\\/#website\"},\"primaryImageOfPage\":{\"@id\":\"https:\\\/\\\/dullaertantiques.com\\\/winkel\\\/sold\\\/terracotta-muzikant-han-dynastie\\\/#primaryimage\"},\"image\":{\"@id\":\"https:\\\/\\\/dullaertantiques.com\\\/winkel\\\/sold\\\/terracotta-muzikant-han-dynastie\\\/#primaryimage\"},\"thumbnailUrl\":\"https:\\\/\\\/dullaertantiques.com\\\/wp-content\\\/uploads\\\/2022\\\/10\\\/Musician.png\",\"datePublished\":\"2022-10-27T11:43:28+00:00\",\"dateModified\":\"2025-08-25T08:47:54+00:00\",\"description\":\"A red terracotta figure representing a musician in a sitting position with a stringed instrument between the knees, the hair is hightucked into a cap, Sichuan, Chinese, Eastern Han Dynasty (25-220)\",\"breadcrumb\":{\"@id\":\"https:\\\/\\\/dullaertantiques.com\\\/winkel\\\/sold\\\/terracotta-muzikant-han-dynastie\\\/#breadcrumb\"},\"inLanguage\":\"fr-FR\",\"potentialAction\":[{\"@type\":\"ReadAction\",\"target\":[\"https:\\\/\\\/dullaertantiques.com\\\/winkel\\\/sold\\\/terracotta-muzikant-han-dynastie\\\/\"]}]},{\"@type\":\"ImageObject\",\"inLanguage\":\"fr-FR\",\"@id\":\"https:\\\/\\\/dullaertantiques.com\\\/winkel\\\/sold\\\/terracotta-muzikant-han-dynastie\\\/#primaryimage\",\"url\":\"https:\\\/\\\/dullaertantiques.com\\\/wp-content\\\/uploads\\\/2022\\\/10\\\/Musician.png\",\"contentUrl\":\"https:\\\/\\\/dullaertantiques.com\\\/wp-content\\\/uploads\\\/2022\\\/10\\\/Musician.png\",\"width\":1080,\"height\":1080},{\"@type\":\"BreadcrumbList\",\"@id\":\"https:\\\/\\\/dullaertantiques.com\\\/winkel\\\/sold\\\/terracotta-muzikant-han-dynastie\\\/#breadcrumb\",\"itemListElement\":[{\"@type\":\"ListItem\",\"position\":1,\"name\":\"Home\",\"item\":\"https:\\\/\\\/dullaertantiques.com\\\/\"},{\"@type\":\"ListItem\",\"position\":2,\"name\":\"Collection\",\"item\":\"https:\\\/\\\/dullaertantiques.com\\\/collection\\\/\"},{\"@type\":\"ListItem\",\"position\":3,\"name\":\"Terracotta musician, Eastern Han dynasty\"}]},{\"@type\":\"WebSite\",\"@id\":\"https:\\\/\\\/dullaertantiques.com\\\/#website\",\"url\":\"https:\\\/\\\/dullaertantiques.com\\\/\",\"name\":\"Dullaert Art &amp; Antiques\",\"description\":\"Art, Antiques, Interior\",\"publisher\":{\"@id\":\"https:\\\/\\\/dullaertantiques.com\\\/#organization\"},\"potentialAction\":[{\"@type\":\"SearchAction\",\"target\":{\"@type\":\"EntryPoint\",\"urlTemplate\":\"https:\\\/\\\/dullaertantiques.com\\\/?s={search_term_string}\"},\"query-input\":{\"@type\":\"PropertyValueSpecification\",\"valueRequired\":true,\"valueName\":\"search_term_string\"}}],\"inLanguage\":\"fr-FR\"},{\"@type\":\"Organization\",\"@id\":\"https:\\\/\\\/dullaertantiques.com\\\/#organization\",\"name\":\"Dullaert Art & Antiques\",\"url\":\"https:\\\/\\\/dullaertantiques.com\\\/\",\"logo\":{\"@type\":\"ImageObject\",\"inLanguage\":\"fr-FR\",\"@id\":\"https:\\\/\\\/dullaertantiques.com\\\/#\\\/schema\\\/logo\\\/image\\\/\",\"url\":\"https:\\\/\\\/dullaertantiques.com\\\/wp-content\\\/uploads\\\/2016\\\/06\\\/Logo-3.png\",\"contentUrl\":\"https:\\\/\\\/dullaertantiques.com\\\/wp-content\\\/uploads\\\/2016\\\/06\\\/Logo-3.png\",\"width\":214,\"height\":91,\"caption\":\"Dullaert Art & Antiques\"},\"image\":{\"@id\":\"https:\\\/\\\/dullaertantiques.com\\\/#\\\/schema\\\/logo\\\/image\\\/\"},\"sameAs\":[\"https:\\\/\\\/www.facebook.com\\\/dullaertantiques\\\/?fref=ts\"]}]}<\/script>\n<!-- \/ Yoast SEO plugin. -->","yoast_head_json":{"title":"Musicien en terre cuite, dynastie des Han orientaux - Dullaert Art &amp; Antiques","description":"Figurine en terre cuite rouge repr\u00e9sentant un musicien en position assise, un instrument \u00e0 cordes entre les genoux, les cheveux relev\u00e9s en bonnet, Sichuan, Chine, dynastie des Han de l'Est (25-220)","robots":{"index":"index","follow":"follow","max-snippet":"max-snippet:-1","max-image-preview":"max-image-preview:large","max-video-preview":"max-video-preview:-1"},"canonical":"https:\/\/dullaertantiques.com\/fr\/winkel\/vendu\/terre-cuite-muzikant-han-dynastie\/","og_locale":"fr_FR","og_type":"article","og_title":"Terracotta musician, Eastern Han dynasty - Dullaert Art &amp; Antiques","og_description":"A red terracotta figure representing a musician in a sitting position with a stringed instrument between the knees, the hair is hightucked into a cap, Sichuan, Chinese, Eastern Han Dynasty (25-220)","og_url":"https:\/\/dullaertantiques.com\/fr\/winkel\/vendu\/terre-cuite-muzikant-han-dynastie\/","og_site_name":"Dullaert Art &amp; Antiques","article_publisher":"https:\/\/www.facebook.com\/dullaertantiques\/?fref=ts","article_modified_time":"2025-08-25T08:47:54+00:00","og_image":[{"width":1080,"height":1080,"url":"https:\/\/dullaertantiques.com\/wp-content\/uploads\/2022\/10\/Musician.png","type":"image\/png"}],"twitter_card":"summary_large_image","twitter_misc":{"Dur\u00e9e de lecture estim\u00e9e":"1 minute"},"schema":{"@context":"https:\/\/schema.org","@graph":[{"@type":"WebPage","@id":"https:\/\/dullaertantiques.com\/winkel\/sold\/terracotta-muzikant-han-dynastie\/","url":"https:\/\/dullaertantiques.com\/winkel\/sold\/terracotta-muzikant-han-dynastie\/","name":"Musicien en terre cuite, dynastie des Han orientaux - Dullaert Art &amp; Antiques","isPartOf":{"@id":"https:\/\/dullaertantiques.com\/#website"},"primaryImageOfPage":{"@id":"https:\/\/dullaertantiques.com\/winkel\/sold\/terracotta-muzikant-han-dynastie\/#primaryimage"},"image":{"@id":"https:\/\/dullaertantiques.com\/winkel\/sold\/terracotta-muzikant-han-dynastie\/#primaryimage"},"thumbnailUrl":"https:\/\/dullaertantiques.com\/wp-content\/uploads\/2022\/10\/Musician.png","datePublished":"2022-10-27T11:43:28+00:00","dateModified":"2025-08-25T08:47:54+00:00","description":"Figurine en terre cuite rouge repr\u00e9sentant un musicien en position assise, un instrument \u00e0 cordes entre les genoux, les cheveux relev\u00e9s en bonnet, Sichuan, Chine, dynastie des Han de l'Est (25-220)","breadcrumb":{"@id":"https:\/\/dullaertantiques.com\/winkel\/sold\/terracotta-muzikant-han-dynastie\/#breadcrumb"},"inLanguage":"fr-FR","potentialAction":[{"@type":"ReadAction","target":["https:\/\/dullaertantiques.com\/winkel\/sold\/terracotta-muzikant-han-dynastie\/"]}]},{"@type":"ImageObject","inLanguage":"fr-FR","@id":"https:\/\/dullaertantiques.com\/winkel\/sold\/terracotta-muzikant-han-dynastie\/#primaryimage","url":"https:\/\/dullaertantiques.com\/wp-content\/uploads\/2022\/10\/Musician.png","contentUrl":"https:\/\/dullaertantiques.com\/wp-content\/uploads\/2022\/10\/Musician.png","width":1080,"height":1080},{"@type":"BreadcrumbList","@id":"https:\/\/dullaertantiques.com\/winkel\/sold\/terracotta-muzikant-han-dynastie\/#breadcrumb","itemListElement":[{"@type":"ListItem","position":1,"name":"Home","item":"https:\/\/dullaertantiques.com\/"},{"@type":"ListItem","position":2,"name":"Collection","item":"https:\/\/dullaertantiques.com\/collection\/"},{"@type":"ListItem","position":3,"name":"Terracotta musician, Eastern Han dynasty"}]},{"@type":"WebSite","@id":"https:\/\/dullaertantiques.com\/#website","url":"https:\/\/dullaertantiques.com\/","name":"Dullaert Art &amp; Antiques","description":"Art, Antiquit\u00e9s, Int\u00e9rieur","publisher":{"@id":"https:\/\/dullaertantiques.com\/#organization"},"potentialAction":[{"@type":"SearchAction","target":{"@type":"EntryPoint","urlTemplate":"https:\/\/dullaertantiques.com\/?s={search_term_string}"},"query-input":{"@type":"PropertyValueSpecification","valueRequired":true,"valueName":"search_term_string"}}],"inLanguage":"fr-FR"},{"@type":"Organization","@id":"https:\/\/dullaertantiques.com\/#organization","name":"Dullaert Art &amp; Antiques","url":"https:\/\/dullaertantiques.com\/","logo":{"@type":"ImageObject","inLanguage":"fr-FR","@id":"https:\/\/dullaertantiques.com\/#\/schema\/logo\/image\/","url":"https:\/\/dullaertantiques.com\/wp-content\/uploads\/2016\/06\/Logo-3.png","contentUrl":"https:\/\/dullaertantiques.com\/wp-content\/uploads\/2016\/06\/Logo-3.png","width":214,"height":91,"caption":"Dullaert Art & Antiques"},"image":{"@id":"https:\/\/dullaertantiques.com\/#\/schema\/logo\/image\/"},"sameAs":["https:\/\/www.facebook.com\/dullaertantiques\/?fref=ts"]}]}},"_links":{"self":[{"href":"https:\/\/dullaertantiques.com\/fr\/wp-json\/wp\/v2\/product\/2861","targetHints":{"allow":["GET"]}}],"collection":[{"href":"https:\/\/dullaertantiques.com\/fr\/wp-json\/wp\/v2\/product"}],"about":[{"href":"https:\/\/dullaertantiques.com\/fr\/wp-json\/wp\/v2\/types\/product"}],"wp:featuredmedia":[{"embeddable":true,"href":"https:\/\/dullaertantiques.com\/fr\/wp-json\/wp\/v2\/media\/3420"}],"wp:attachment":[{"href":"https:\/\/dullaertantiques.com\/fr\/wp-json\/wp\/v2\/media?parent=2861"}],"wp:term":[{"taxonomy":"product_brand","embeddable":true,"href":"https:\/\/dullaertantiques.com\/fr\/wp-json\/wp\/v2\/product_brand?post=2861"},{"taxonomy":"product_cat","embeddable":true,"href":"https:\/\/dullaertantiques.com\/fr\/wp-json\/wp\/v2\/product_cat?post=2861"},{"taxonomy":"product_tag","embeddable":true,"href":"https:\/\/dullaertantiques.com\/fr\/wp-json\/wp\/v2\/product_tag?post=2861"}],"curies":[{"name":"wp","href":"https:\/\/api.w.org\/{rel}","templated":true}]}}