{"id":3666,"date":"2024-11-05T10:51:56","date_gmt":"2024-11-05T09:51:56","guid":{"rendered":"https:\/\/dullaertantiques.com\/?post_type=product&#038;p=3666"},"modified":"2025-04-10T14:08:32","modified_gmt":"2025-04-10T12:08:32","slug":"plaque-emaillee-st-peter","status":"publish","type":"product","link":"https:\/\/dullaertantiques.com\/fr\/winkel\/art-antiques-collection\/religious-art\/enamel-plaque-st-peter\/","title":{"rendered":"Plaque \u00e9maill\u00e9e St. Pierre"},"content":{"rendered":"<p>Plaque \u00e9maill\u00e9e rectangulaire repr\u00e9sentant saint Pierre recevant la cl\u00e9 du Christ, avec en arri\u00e8re-plan la coupole de la basilique Saint-Pierre de Rome. Allemagne, XVIIe si\u00e8cle.<\/p>\n<p>Dimensions : 13 x 15,5 cm : 13 x 15,5 cm.<\/p>\n<p>Provenance : Collection priv\u00e9e n\u00e9erlandaise<\/p>\n<p>Prix sur demande<\/p>","protected":false},"excerpt":{"rendered":"<p>Rectangular enamel plaque depicting St. Peter receiving the key of Christ, with The dome of Saint Peter&#8217;s Basilica in Rome in the background. Germany, 17th century. Dimensions: 13 x 15.5 cm. Provenance: Dutch private collection Price on request<\/p>","protected":false},"featured_media":3667,"template":"","meta":{"_et_pb_use_builder":"","_et_pb_old_content":"","_et_gb_content_width":"","_monsterinsights_skip_tracking":false,"_monsterinsights_sitenote_active":false,"_monsterinsights_sitenote_note":"","_monsterinsights_sitenote_category":0},"product_brand":[],"product_cat":[49,51],"product_tag":[],"class_list":{"0":"post-3666","1":"product","2":"type-product","3":"status-publish","4":"has-post-thumbnail","6":"product_cat-art-antiques-collection","7":"product_cat-religious-art","9":"first","10":"instock","11":"sold-individually","12":"shipping-taxable","13":"product-type-simple"},"yoast_head":"<!-- This site is optimized with the Yoast SEO plugin v27.3 - https:\/\/yoast.com\/product\/yoast-seo-wordpress\/ -->\n<title>Enamel plaque St. Peter - Dullaert Art &amp; Antiques<\/title>\n<meta name=\"robots\" content=\"index, follow, max-snippet:-1, max-image-preview:large, max-video-preview:-1\" \/>\n<link rel=\"canonical\" href=\"https:\/\/dullaertantiques.com\/fr\/winkel\/collection-dantiquites-dart\/art-religieux\/plaque-emaillee-st-peter\/\" \/>\n<meta property=\"og:locale\" content=\"fr_FR\" \/>\n<meta property=\"og:type\" content=\"article\" \/>\n<meta property=\"og:title\" content=\"Enamel plaque St. Peter - Dullaert Art &amp; Antiques\" \/>\n<meta property=\"og:description\" content=\"Rectangular enamel plaque depicting St. Peter receiving the key of Christ, with The dome of Saint Peter&#8217;s Basilica in Rome in the background. Germany, 17th century. Dimensions: 13 x 15.5 cm. Provenance: Dutch private collection Price on request\" \/>\n<meta property=\"og:url\" content=\"https:\/\/dullaertantiques.com\/fr\/winkel\/collection-dantiquites-dart\/art-religieux\/plaque-emaillee-st-peter\/\" \/>\n<meta property=\"og:site_name\" content=\"Dullaert Art &amp; Antiques\" \/>\n<meta property=\"article:publisher\" content=\"https:\/\/www.facebook.com\/dullaertantiques\/?fref=ts\" \/>\n<meta property=\"article:modified_time\" content=\"2025-04-10T12:08:32+00:00\" \/>\n<meta property=\"og:image\" content=\"https:\/\/dullaertantiques.com\/wp-content\/uploads\/2024\/11\/P1010039-1024x768.png\" \/>\n\t<meta property=\"og:image:width\" content=\"1024\" \/>\n\t<meta property=\"og:image:height\" content=\"768\" \/>\n\t<meta property=\"og:image:type\" content=\"image\/png\" \/>\n<meta name=\"twitter:card\" content=\"summary_large_image\" \/>\n<meta name=\"twitter:label1\" content=\"Dur\u00e9e de lecture estim\u00e9e\" \/>\n\t<meta name=\"twitter:data1\" content=\"1 minute\" \/>\n<script type=\"application\/ld+json\" class=\"yoast-schema-graph\">{\"@context\":\"https:\\\/\\\/schema.org\",\"@graph\":[{\"@type\":\"WebPage\",\"@id\":\"https:\\\/\\\/dullaertantiques.com\\\/winkel\\\/art-antiques-collection\\\/religious-art\\\/enamel-plaque-st-peter\\\/\",\"url\":\"https:\\\/\\\/dullaertantiques.com\\\/winkel\\\/art-antiques-collection\\\/religious-art\\\/enamel-plaque-st-peter\\\/\",\"name\":\"Enamel plaque St. Peter - Dullaert Art &amp; Antiques\",\"isPartOf\":{\"@id\":\"https:\\\/\\\/dullaertantiques.com\\\/#website\"},\"primaryImageOfPage\":{\"@id\":\"https:\\\/\\\/dullaertantiques.com\\\/winkel\\\/art-antiques-collection\\\/religious-art\\\/enamel-plaque-st-peter\\\/#primaryimage\"},\"image\":{\"@id\":\"https:\\\/\\\/dullaertantiques.com\\\/winkel\\\/art-antiques-collection\\\/religious-art\\\/enamel-plaque-st-peter\\\/#primaryimage\"},\"thumbnailUrl\":\"https:\\\/\\\/dullaertantiques.com\\\/wp-content\\\/uploads\\\/2024\\\/11\\\/P1010039.png\",\"datePublished\":\"2024-11-05T09:51:56+00:00\",\"dateModified\":\"2025-04-10T12:08:32+00:00\",\"breadcrumb\":{\"@id\":\"https:\\\/\\\/dullaertantiques.com\\\/winkel\\\/art-antiques-collection\\\/religious-art\\\/enamel-plaque-st-peter\\\/#breadcrumb\"},\"inLanguage\":\"fr-FR\",\"potentialAction\":[{\"@type\":\"ReadAction\",\"target\":[\"https:\\\/\\\/dullaertantiques.com\\\/winkel\\\/art-antiques-collection\\\/religious-art\\\/enamel-plaque-st-peter\\\/\"]}]},{\"@type\":\"ImageObject\",\"inLanguage\":\"fr-FR\",\"@id\":\"https:\\\/\\\/dullaertantiques.com\\\/winkel\\\/art-antiques-collection\\\/religious-art\\\/enamel-plaque-st-peter\\\/#primaryimage\",\"url\":\"https:\\\/\\\/dullaertantiques.com\\\/wp-content\\\/uploads\\\/2024\\\/11\\\/P1010039.png\",\"contentUrl\":\"https:\\\/\\\/dullaertantiques.com\\\/wp-content\\\/uploads\\\/2024\\\/11\\\/P1010039.png\",\"width\":5184,\"height\":3888},{\"@type\":\"BreadcrumbList\",\"@id\":\"https:\\\/\\\/dullaertantiques.com\\\/winkel\\\/art-antiques-collection\\\/religious-art\\\/enamel-plaque-st-peter\\\/#breadcrumb\",\"itemListElement\":[{\"@type\":\"ListItem\",\"position\":1,\"name\":\"Home\",\"item\":\"https:\\\/\\\/dullaertantiques.com\\\/\"},{\"@type\":\"ListItem\",\"position\":2,\"name\":\"Collection\",\"item\":\"https:\\\/\\\/dullaertantiques.com\\\/collection\\\/\"},{\"@type\":\"ListItem\",\"position\":3,\"name\":\"Enamel plaque St. Peter\"}]},{\"@type\":\"WebSite\",\"@id\":\"https:\\\/\\\/dullaertantiques.com\\\/#website\",\"url\":\"https:\\\/\\\/dullaertantiques.com\\\/\",\"name\":\"Dullaert Art &amp; Antiques\",\"description\":\"Art, Antiques, Interior\",\"publisher\":{\"@id\":\"https:\\\/\\\/dullaertantiques.com\\\/#organization\"},\"potentialAction\":[{\"@type\":\"SearchAction\",\"target\":{\"@type\":\"EntryPoint\",\"urlTemplate\":\"https:\\\/\\\/dullaertantiques.com\\\/?s={search_term_string}\"},\"query-input\":{\"@type\":\"PropertyValueSpecification\",\"valueRequired\":true,\"valueName\":\"search_term_string\"}}],\"inLanguage\":\"fr-FR\"},{\"@type\":\"Organization\",\"@id\":\"https:\\\/\\\/dullaertantiques.com\\\/#organization\",\"name\":\"Dullaert Art & Antiques\",\"url\":\"https:\\\/\\\/dullaertantiques.com\\\/\",\"logo\":{\"@type\":\"ImageObject\",\"inLanguage\":\"fr-FR\",\"@id\":\"https:\\\/\\\/dullaertantiques.com\\\/#\\\/schema\\\/logo\\\/image\\\/\",\"url\":\"https:\\\/\\\/dullaertantiques.com\\\/wp-content\\\/uploads\\\/2016\\\/06\\\/Logo-3.png\",\"contentUrl\":\"https:\\\/\\\/dullaertantiques.com\\\/wp-content\\\/uploads\\\/2016\\\/06\\\/Logo-3.png\",\"width\":214,\"height\":91,\"caption\":\"Dullaert Art & Antiques\"},\"image\":{\"@id\":\"https:\\\/\\\/dullaertantiques.com\\\/#\\\/schema\\\/logo\\\/image\\\/\"},\"sameAs\":[\"https:\\\/\\\/www.facebook.com\\\/dullaertantiques\\\/?fref=ts\"]}]}<\/script>\n<!-- \/ Yoast SEO plugin. -->","yoast_head_json":{"title":"Plaque \u00e9maill\u00e9e Saint Pierre - Dullaert Art &amp; Antiques","robots":{"index":"index","follow":"follow","max-snippet":"max-snippet:-1","max-image-preview":"max-image-preview:large","max-video-preview":"max-video-preview:-1"},"canonical":"https:\/\/dullaertantiques.com\/fr\/winkel\/collection-dantiquites-dart\/art-religieux\/plaque-emaillee-st-peter\/","og_locale":"fr_FR","og_type":"article","og_title":"Enamel plaque St. Peter - Dullaert Art &amp; Antiques","og_description":"Rectangular enamel plaque depicting St. Peter receiving the key of Christ, with The dome of Saint Peter&#8217;s Basilica in Rome in the background. Germany, 17th century. Dimensions: 13 x 15.5 cm. Provenance: Dutch private collection Price on request","og_url":"https:\/\/dullaertantiques.com\/fr\/winkel\/collection-dantiquites-dart\/art-religieux\/plaque-emaillee-st-peter\/","og_site_name":"Dullaert Art &amp; Antiques","article_publisher":"https:\/\/www.facebook.com\/dullaertantiques\/?fref=ts","article_modified_time":"2025-04-10T12:08:32+00:00","og_image":[{"width":1024,"height":768,"url":"https:\/\/dullaertantiques.com\/wp-content\/uploads\/2024\/11\/P1010039-1024x768.png","type":"image\/png"}],"twitter_card":"summary_large_image","twitter_misc":{"Dur\u00e9e de lecture estim\u00e9e":"1 minute"},"schema":{"@context":"https:\/\/schema.org","@graph":[{"@type":"WebPage","@id":"https:\/\/dullaertantiques.com\/winkel\/art-antiques-collection\/religious-art\/enamel-plaque-st-peter\/","url":"https:\/\/dullaertantiques.com\/winkel\/art-antiques-collection\/religious-art\/enamel-plaque-st-peter\/","name":"Plaque \u00e9maill\u00e9e Saint Pierre - Dullaert Art &amp; Antiques","isPartOf":{"@id":"https:\/\/dullaertantiques.com\/#website"},"primaryImageOfPage":{"@id":"https:\/\/dullaertantiques.com\/winkel\/art-antiques-collection\/religious-art\/enamel-plaque-st-peter\/#primaryimage"},"image":{"@id":"https:\/\/dullaertantiques.com\/winkel\/art-antiques-collection\/religious-art\/enamel-plaque-st-peter\/#primaryimage"},"thumbnailUrl":"https:\/\/dullaertantiques.com\/wp-content\/uploads\/2024\/11\/P1010039.png","datePublished":"2024-11-05T09:51:56+00:00","dateModified":"2025-04-10T12:08:32+00:00","breadcrumb":{"@id":"https:\/\/dullaertantiques.com\/winkel\/art-antiques-collection\/religious-art\/enamel-plaque-st-peter\/#breadcrumb"},"inLanguage":"fr-FR","potentialAction":[{"@type":"ReadAction","target":["https:\/\/dullaertantiques.com\/winkel\/art-antiques-collection\/religious-art\/enamel-plaque-st-peter\/"]}]},{"@type":"ImageObject","inLanguage":"fr-FR","@id":"https:\/\/dullaertantiques.com\/winkel\/art-antiques-collection\/religious-art\/enamel-plaque-st-peter\/#primaryimage","url":"https:\/\/dullaertantiques.com\/wp-content\/uploads\/2024\/11\/P1010039.png","contentUrl":"https:\/\/dullaertantiques.com\/wp-content\/uploads\/2024\/11\/P1010039.png","width":5184,"height":3888},{"@type":"BreadcrumbList","@id":"https:\/\/dullaertantiques.com\/winkel\/art-antiques-collection\/religious-art\/enamel-plaque-st-peter\/#breadcrumb","itemListElement":[{"@type":"ListItem","position":1,"name":"Home","item":"https:\/\/dullaertantiques.com\/"},{"@type":"ListItem","position":2,"name":"Collection","item":"https:\/\/dullaertantiques.com\/collection\/"},{"@type":"ListItem","position":3,"name":"Enamel plaque St. Peter"}]},{"@type":"WebSite","@id":"https:\/\/dullaertantiques.com\/#website","url":"https:\/\/dullaertantiques.com\/","name":"Dullaert Art &amp; Antiques","description":"Art, Antiquit\u00e9s, Int\u00e9rieur","publisher":{"@id":"https:\/\/dullaertantiques.com\/#organization"},"potentialAction":[{"@type":"SearchAction","target":{"@type":"EntryPoint","urlTemplate":"https:\/\/dullaertantiques.com\/?s={search_term_string}"},"query-input":{"@type":"PropertyValueSpecification","valueRequired":true,"valueName":"search_term_string"}}],"inLanguage":"fr-FR"},{"@type":"Organization","@id":"https:\/\/dullaertantiques.com\/#organization","name":"Dullaert Art &amp; Antiques","url":"https:\/\/dullaertantiques.com\/","logo":{"@type":"ImageObject","inLanguage":"fr-FR","@id":"https:\/\/dullaertantiques.com\/#\/schema\/logo\/image\/","url":"https:\/\/dullaertantiques.com\/wp-content\/uploads\/2016\/06\/Logo-3.png","contentUrl":"https:\/\/dullaertantiques.com\/wp-content\/uploads\/2016\/06\/Logo-3.png","width":214,"height":91,"caption":"Dullaert Art & Antiques"},"image":{"@id":"https:\/\/dullaertantiques.com\/#\/schema\/logo\/image\/"},"sameAs":["https:\/\/www.facebook.com\/dullaertantiques\/?fref=ts"]}]}},"_links":{"self":[{"href":"https:\/\/dullaertantiques.com\/fr\/wp-json\/wp\/v2\/product\/3666","targetHints":{"allow":["GET"]}}],"collection":[{"href":"https:\/\/dullaertantiques.com\/fr\/wp-json\/wp\/v2\/product"}],"about":[{"href":"https:\/\/dullaertantiques.com\/fr\/wp-json\/wp\/v2\/types\/product"}],"wp:featuredmedia":[{"embeddable":true,"href":"https:\/\/dullaertantiques.com\/fr\/wp-json\/wp\/v2\/media\/3667"}],"wp:attachment":[{"href":"https:\/\/dullaertantiques.com\/fr\/wp-json\/wp\/v2\/media?parent=3666"}],"wp:term":[{"taxonomy":"product_brand","embeddable":true,"href":"https:\/\/dullaertantiques.com\/fr\/wp-json\/wp\/v2\/product_brand?post=3666"},{"taxonomy":"product_cat","embeddable":true,"href":"https:\/\/dullaertantiques.com\/fr\/wp-json\/wp\/v2\/product_cat?post=3666"},{"taxonomy":"product_tag","embeddable":true,"href":"https:\/\/dullaertantiques.com\/fr\/wp-json\/wp\/v2\/product_tag?post=3666"}],"curies":[{"name":"wp","href":"https:\/\/api.w.org\/{rel}","templated":true}]}}