{"id":2636,"date":"2021-12-22T13:41:05","date_gmt":"2021-12-22T12:41:05","guid":{"rendered":"https:\/\/dullaertantiques.com\/?post_type=product&#038;p=2636"},"modified":"2025-06-04T15:17:51","modified_gmt":"2025-06-04T13:17:51","slug":"artista-inglese-sconosciuto-intorno-al-1835","status":"publish","type":"product","link":"https:\/\/dullaertantiques.com\/it\/winkel\/art-antiques-collection\/paintings\/english-artist-unknown-around-1835\/","title":{"rendered":"Artista sconosciuto, 1835 circa"},"content":{"rendered":"<p>Dipinto con un viaggiatore su un cavallo bianco e accompagnato da un cane che guarda un cartello stradale a forma di croce. Sul cartello stradale \u00e8 scritto \"Arnhem\". (una citt\u00e0 sul fiume Reno, nella parte orientale dei Paesi Bassi). Il paesaggio, piuttosto sabbioso, d\u00e0 l'idea delle circostanze in cui si trovava il Veluwe nei dintorni di Arnhem all'inizio del XIX secolo. Eseguito a olio su tavola. In una cornice di legno originale. Da datare intorno al 1835. In discrete condizioni. A causa dell'invecchiamento e dell'umidit\u00e0, la tavola \u00e8 leggermente deformata. Questa piccola e deliziosa scena d\u00e0 l'impressione di un viaggio agli albori.<\/p>\n<p>Dimensioni (senza cornice): 15,5 x 19,5 cm.<br \/>\nDimensioni (con cornice): 28 x 32 cm.<\/p>","protected":false},"excerpt":{"rendered":"<p>Painting with a traveler on a white horse and accompanied by a dog looking up at a road sign in the form of a cross. On the roadsign is &#8221; Arnhem&#8221;. (a town at the Rhine river in the Eastern part of the Netherlands). The rather sandy landscape gives an impression of the circumstances in [&hellip;]<\/p>\n","protected":false},"featured_media":3898,"template":"","meta":{"_et_pb_use_builder":"","_et_pb_old_content":"","_et_gb_content_width":"","_monsterinsights_skip_tracking":false,"_monsterinsights_sitenote_active":false,"_monsterinsights_sitenote_note":"","_monsterinsights_sitenote_category":0},"product_brand":[],"product_cat":[49,53,23],"product_tag":[],"class_list":{"0":"post-2636","1":"product","2":"type-product","3":"status-publish","4":"has-post-thumbnail","6":"product_cat-art-antiques-collection","7":"product_cat-interior","8":"product_cat-paintings","10":"first","11":"instock","12":"sold-individually","13":"shipping-taxable","14":"purchasable","15":"product-type-simple"},"yoast_head":"<!-- This site is optimized with the Yoast SEO plugin v27.3 - https:\/\/yoast.com\/product\/yoast-seo-wordpress\/ -->\n<title>Artist unknown, around 1835 - Dullaert Art &amp; Antiques<\/title>\n<meta name=\"description\" content=\"Painting with a traveler on a white horse and accompanied by a dog looking up at a road sign in the form of a cross. On the roadsign is &#039;&#039; Arnhem&quot;. (a town at the Rhine river in the Eastern part of the Netherlands). The rather sandy landscape gives an impression of the circumstances in the early 19th century on the Veluwe in the surroundings of Arnhem. Executed in oil on panel. In an original wooden frame. To be dated around 1835. In fair condition. Due to aging and moisture, the panel is slightly warped. This small and delightful scene gives an impression of a voyage in the early days.\" \/>\n<meta name=\"robots\" content=\"index, follow, max-snippet:-1, max-image-preview:large, max-video-preview:-1\" \/>\n<link rel=\"canonical\" href=\"https:\/\/dullaertantiques.com\/it\/winkel\/collezione-darte-e-antiquariato\/dipinti\/artista-inglese-sconosciuto-intorno-al-1835\/\" \/>\n<meta property=\"og:locale\" content=\"it_IT\" \/>\n<meta property=\"og:type\" content=\"article\" \/>\n<meta property=\"og:title\" content=\"Artist unknown, around 1835 - Dullaert Art &amp; Antiques\" \/>\n<meta property=\"og:description\" content=\"Painting with a traveler on a white horse and accompanied by a dog looking up at a road sign in the form of a cross. On the roadsign is &#039;&#039; Arnhem&quot;. (a town at the Rhine river in the Eastern part of the Netherlands). The rather sandy landscape gives an impression of the circumstances in the early 19th century on the Veluwe in the surroundings of Arnhem. Executed in oil on panel. In an original wooden frame. To be dated around 1835. In fair condition. Due to aging and moisture, the panel is slightly warped. This small and delightful scene gives an impression of a voyage in the early days.\" \/>\n<meta property=\"og:url\" content=\"https:\/\/dullaertantiques.com\/it\/winkel\/collezione-darte-e-antiquariato\/dipinti\/artista-inglese-sconosciuto-intorno-al-1835\/\" \/>\n<meta property=\"og:site_name\" content=\"Dullaert Art &amp; Antiques\" \/>\n<meta property=\"article:publisher\" content=\"https:\/\/www.facebook.com\/dullaertantiques\/?fref=ts\" \/>\n<meta property=\"article:modified_time\" content=\"2025-06-04T13:17:51+00:00\" \/>\n<meta property=\"og:image\" content=\"https:\/\/dullaertantiques.com\/wp-content\/uploads\/2021\/12\/Painting-Arnhem-1.png\" \/>\n\t<meta property=\"og:image:width\" content=\"1080\" \/>\n\t<meta property=\"og:image:height\" content=\"1080\" \/>\n\t<meta property=\"og:image:type\" content=\"image\/png\" \/>\n<meta name=\"twitter:card\" content=\"summary_large_image\" \/>\n<meta name=\"twitter:label1\" content=\"Tempo di lettura stimato\" \/>\n\t<meta name=\"twitter:data1\" content=\"1 minuto\" \/>\n<script type=\"application\/ld+json\" class=\"yoast-schema-graph\">{\"@context\":\"https:\\\/\\\/schema.org\",\"@graph\":[{\"@type\":\"WebPage\",\"@id\":\"https:\\\/\\\/dullaertantiques.com\\\/winkel\\\/art-antiques-collection\\\/paintings\\\/english-artist-unknown-around-1835\\\/\",\"url\":\"https:\\\/\\\/dullaertantiques.com\\\/winkel\\\/art-antiques-collection\\\/paintings\\\/english-artist-unknown-around-1835\\\/\",\"name\":\"Artist unknown, around 1835 - Dullaert Art &amp; Antiques\",\"isPartOf\":{\"@id\":\"https:\\\/\\\/dullaertantiques.com\\\/#website\"},\"primaryImageOfPage\":{\"@id\":\"https:\\\/\\\/dullaertantiques.com\\\/winkel\\\/art-antiques-collection\\\/paintings\\\/english-artist-unknown-around-1835\\\/#primaryimage\"},\"image\":{\"@id\":\"https:\\\/\\\/dullaertantiques.com\\\/winkel\\\/art-antiques-collection\\\/paintings\\\/english-artist-unknown-around-1835\\\/#primaryimage\"},\"thumbnailUrl\":\"https:\\\/\\\/dullaertantiques.com\\\/wp-content\\\/uploads\\\/2021\\\/12\\\/Painting-Arnhem-1.png\",\"datePublished\":\"2021-12-22T12:41:05+00:00\",\"dateModified\":\"2025-06-04T13:17:51+00:00\",\"description\":\"Painting with a traveler on a white horse and accompanied by a dog looking up at a road sign in the form of a cross. On the roadsign is '' Arnhem\\\". (a town at the Rhine river in the Eastern part of the Netherlands). The rather sandy landscape gives an impression of the circumstances in the early 19th century on the Veluwe in the surroundings of Arnhem. Executed in oil on panel. In an original wooden frame. To be dated around 1835. In fair condition. Due to aging and moisture, the panel is slightly warped. This small and delightful scene gives an impression of a voyage in the early days.\",\"breadcrumb\":{\"@id\":\"https:\\\/\\\/dullaertantiques.com\\\/winkel\\\/art-antiques-collection\\\/paintings\\\/english-artist-unknown-around-1835\\\/#breadcrumb\"},\"inLanguage\":\"it-IT\",\"potentialAction\":[{\"@type\":\"ReadAction\",\"target\":[\"https:\\\/\\\/dullaertantiques.com\\\/winkel\\\/art-antiques-collection\\\/paintings\\\/english-artist-unknown-around-1835\\\/\"]}]},{\"@type\":\"ImageObject\",\"inLanguage\":\"it-IT\",\"@id\":\"https:\\\/\\\/dullaertantiques.com\\\/winkel\\\/art-antiques-collection\\\/paintings\\\/english-artist-unknown-around-1835\\\/#primaryimage\",\"url\":\"https:\\\/\\\/dullaertantiques.com\\\/wp-content\\\/uploads\\\/2021\\\/12\\\/Painting-Arnhem-1.png\",\"contentUrl\":\"https:\\\/\\\/dullaertantiques.com\\\/wp-content\\\/uploads\\\/2021\\\/12\\\/Painting-Arnhem-1.png\",\"width\":1080,\"height\":1080},{\"@type\":\"BreadcrumbList\",\"@id\":\"https:\\\/\\\/dullaertantiques.com\\\/winkel\\\/art-antiques-collection\\\/paintings\\\/english-artist-unknown-around-1835\\\/#breadcrumb\",\"itemListElement\":[{\"@type\":\"ListItem\",\"position\":1,\"name\":\"Home\",\"item\":\"https:\\\/\\\/dullaertantiques.com\\\/\"},{\"@type\":\"ListItem\",\"position\":2,\"name\":\"Collection\",\"item\":\"https:\\\/\\\/dullaertantiques.com\\\/collection\\\/\"},{\"@type\":\"ListItem\",\"position\":3,\"name\":\"Artist unknown, around 1835\"}]},{\"@type\":\"WebSite\",\"@id\":\"https:\\\/\\\/dullaertantiques.com\\\/#website\",\"url\":\"https:\\\/\\\/dullaertantiques.com\\\/\",\"name\":\"Dullaert Art &amp; Antiques\",\"description\":\"Art, Antiques, Interior\",\"publisher\":{\"@id\":\"https:\\\/\\\/dullaertantiques.com\\\/#organization\"},\"potentialAction\":[{\"@type\":\"SearchAction\",\"target\":{\"@type\":\"EntryPoint\",\"urlTemplate\":\"https:\\\/\\\/dullaertantiques.com\\\/?s={search_term_string}\"},\"query-input\":{\"@type\":\"PropertyValueSpecification\",\"valueRequired\":true,\"valueName\":\"search_term_string\"}}],\"inLanguage\":\"it-IT\"},{\"@type\":\"Organization\",\"@id\":\"https:\\\/\\\/dullaertantiques.com\\\/#organization\",\"name\":\"Dullaert Art & Antiques\",\"url\":\"https:\\\/\\\/dullaertantiques.com\\\/\",\"logo\":{\"@type\":\"ImageObject\",\"inLanguage\":\"it-IT\",\"@id\":\"https:\\\/\\\/dullaertantiques.com\\\/#\\\/schema\\\/logo\\\/image\\\/\",\"url\":\"https:\\\/\\\/dullaertantiques.com\\\/wp-content\\\/uploads\\\/2016\\\/06\\\/Logo-3.png\",\"contentUrl\":\"https:\\\/\\\/dullaertantiques.com\\\/wp-content\\\/uploads\\\/2016\\\/06\\\/Logo-3.png\",\"width\":214,\"height\":91,\"caption\":\"Dullaert Art & Antiques\"},\"image\":{\"@id\":\"https:\\\/\\\/dullaertantiques.com\\\/#\\\/schema\\\/logo\\\/image\\\/\"},\"sameAs\":[\"https:\\\/\\\/www.facebook.com\\\/dullaertantiques\\\/?fref=ts\"]}]}<\/script>\n<!-- \/ Yoast SEO plugin. -->","yoast_head_json":{"title":"Artista sconosciuto, 1835 circa - Dullaert Arte &amp; Antiquariato","description":"Dipinto con un viaggiatore su un cavallo bianco e accompagnato da un cane che guarda un cartello stradale a forma di croce. Sul cartello stradale c'\u00e8 scritto \"Arnhem\". (una citt\u00e0 sul fiume Reno, nella parte orientale dei Paesi Bassi). Il paesaggio, piuttosto sabbioso, d\u00e0 l'idea delle circostanze in cui si trovava il Veluwe nei dintorni di Arnhem all'inizio del XIX secolo. Eseguito a olio su tavola. In una cornice di legno originale. Da datare intorno al 1835. In discrete condizioni. A causa dell'invecchiamento e dell'umidit\u00e0, la tavola \u00e8 leggermente deformata. Questa piccola e deliziosa scena d\u00e0 l'impressione di un viaggio agli albori.","robots":{"index":"index","follow":"follow","max-snippet":"max-snippet:-1","max-image-preview":"max-image-preview:large","max-video-preview":"max-video-preview:-1"},"canonical":"https:\/\/dullaertantiques.com\/it\/winkel\/collezione-darte-e-antiquariato\/dipinti\/artista-inglese-sconosciuto-intorno-al-1835\/","og_locale":"it_IT","og_type":"article","og_title":"Artist unknown, around 1835 - Dullaert Art &amp; Antiques","og_description":"Painting with a traveler on a white horse and accompanied by a dog looking up at a road sign in the form of a cross. On the roadsign is '' Arnhem\". (a town at the Rhine river in the Eastern part of the Netherlands). The rather sandy landscape gives an impression of the circumstances in the early 19th century on the Veluwe in the surroundings of Arnhem. Executed in oil on panel. In an original wooden frame. To be dated around 1835. In fair condition. Due to aging and moisture, the panel is slightly warped. This small and delightful scene gives an impression of a voyage in the early days.","og_url":"https:\/\/dullaertantiques.com\/it\/winkel\/collezione-darte-e-antiquariato\/dipinti\/artista-inglese-sconosciuto-intorno-al-1835\/","og_site_name":"Dullaert Art &amp; Antiques","article_publisher":"https:\/\/www.facebook.com\/dullaertantiques\/?fref=ts","article_modified_time":"2025-06-04T13:17:51+00:00","og_image":[{"width":1080,"height":1080,"url":"https:\/\/dullaertantiques.com\/wp-content\/uploads\/2021\/12\/Painting-Arnhem-1.png","type":"image\/png"}],"twitter_card":"summary_large_image","twitter_misc":{"Tempo di lettura stimato":"1 minuto"},"schema":{"@context":"https:\/\/schema.org","@graph":[{"@type":"WebPage","@id":"https:\/\/dullaertantiques.com\/winkel\/art-antiques-collection\/paintings\/english-artist-unknown-around-1835\/","url":"https:\/\/dullaertantiques.com\/winkel\/art-antiques-collection\/paintings\/english-artist-unknown-around-1835\/","name":"Artista sconosciuto, 1835 circa - Dullaert Arte &amp; Antiquariato","isPartOf":{"@id":"https:\/\/dullaertantiques.com\/#website"},"primaryImageOfPage":{"@id":"https:\/\/dullaertantiques.com\/winkel\/art-antiques-collection\/paintings\/english-artist-unknown-around-1835\/#primaryimage"},"image":{"@id":"https:\/\/dullaertantiques.com\/winkel\/art-antiques-collection\/paintings\/english-artist-unknown-around-1835\/#primaryimage"},"thumbnailUrl":"https:\/\/dullaertantiques.com\/wp-content\/uploads\/2021\/12\/Painting-Arnhem-1.png","datePublished":"2021-12-22T12:41:05+00:00","dateModified":"2025-06-04T13:17:51+00:00","description":"Dipinto con un viaggiatore su un cavallo bianco e accompagnato da un cane che guarda un cartello stradale a forma di croce. Sul cartello stradale c'\u00e8 scritto \"Arnhem\". (una citt\u00e0 sul fiume Reno, nella parte orientale dei Paesi Bassi). Il paesaggio, piuttosto sabbioso, d\u00e0 l'idea delle circostanze in cui si trovava il Veluwe nei dintorni di Arnhem all'inizio del XIX secolo. Eseguito a olio su tavola. In una cornice di legno originale. Da datare intorno al 1835. In discrete condizioni. A causa dell'invecchiamento e dell'umidit\u00e0, la tavola \u00e8 leggermente deformata. Questa piccola e deliziosa scena d\u00e0 l'impressione di un viaggio agli albori.","breadcrumb":{"@id":"https:\/\/dullaertantiques.com\/winkel\/art-antiques-collection\/paintings\/english-artist-unknown-around-1835\/#breadcrumb"},"inLanguage":"it-IT","potentialAction":[{"@type":"ReadAction","target":["https:\/\/dullaertantiques.com\/winkel\/art-antiques-collection\/paintings\/english-artist-unknown-around-1835\/"]}]},{"@type":"ImageObject","inLanguage":"it-IT","@id":"https:\/\/dullaertantiques.com\/winkel\/art-antiques-collection\/paintings\/english-artist-unknown-around-1835\/#primaryimage","url":"https:\/\/dullaertantiques.com\/wp-content\/uploads\/2021\/12\/Painting-Arnhem-1.png","contentUrl":"https:\/\/dullaertantiques.com\/wp-content\/uploads\/2021\/12\/Painting-Arnhem-1.png","width":1080,"height":1080},{"@type":"BreadcrumbList","@id":"https:\/\/dullaertantiques.com\/winkel\/art-antiques-collection\/paintings\/english-artist-unknown-around-1835\/#breadcrumb","itemListElement":[{"@type":"ListItem","position":1,"name":"Home","item":"https:\/\/dullaertantiques.com\/"},{"@type":"ListItem","position":2,"name":"Collection","item":"https:\/\/dullaertantiques.com\/collection\/"},{"@type":"ListItem","position":3,"name":"Artist unknown, around 1835"}]},{"@type":"WebSite","@id":"https:\/\/dullaertantiques.com\/#website","url":"https:\/\/dullaertantiques.com\/","name":"Dullaert Art &amp; Antiques","description":"Arte, Antiquariato, Interni","publisher":{"@id":"https:\/\/dullaertantiques.com\/#organization"},"potentialAction":[{"@type":"SearchAction","target":{"@type":"EntryPoint","urlTemplate":"https:\/\/dullaertantiques.com\/?s={search_term_string}"},"query-input":{"@type":"PropertyValueSpecification","valueRequired":true,"valueName":"search_term_string"}}],"inLanguage":"it-IT"},{"@type":"Organization","@id":"https:\/\/dullaertantiques.com\/#organization","name":"Dullaert Arte e Antiquariato","url":"https:\/\/dullaertantiques.com\/","logo":{"@type":"ImageObject","inLanguage":"it-IT","@id":"https:\/\/dullaertantiques.com\/#\/schema\/logo\/image\/","url":"https:\/\/dullaertantiques.com\/wp-content\/uploads\/2016\/06\/Logo-3.png","contentUrl":"https:\/\/dullaertantiques.com\/wp-content\/uploads\/2016\/06\/Logo-3.png","width":214,"height":91,"caption":"Dullaert Art & Antiques"},"image":{"@id":"https:\/\/dullaertantiques.com\/#\/schema\/logo\/image\/"},"sameAs":["https:\/\/www.facebook.com\/dullaertantiques\/?fref=ts"]}]}},"_links":{"self":[{"href":"https:\/\/dullaertantiques.com\/it\/wp-json\/wp\/v2\/product\/2636","targetHints":{"allow":["GET"]}}],"collection":[{"href":"https:\/\/dullaertantiques.com\/it\/wp-json\/wp\/v2\/product"}],"about":[{"href":"https:\/\/dullaertantiques.com\/it\/wp-json\/wp\/v2\/types\/product"}],"wp:featuredmedia":[{"embeddable":true,"href":"https:\/\/dullaertantiques.com\/it\/wp-json\/wp\/v2\/media\/3898"}],"wp:attachment":[{"href":"https:\/\/dullaertantiques.com\/it\/wp-json\/wp\/v2\/media?parent=2636"}],"wp:term":[{"taxonomy":"product_brand","embeddable":true,"href":"https:\/\/dullaertantiques.com\/it\/wp-json\/wp\/v2\/product_brand?post=2636"},{"taxonomy":"product_cat","embeddable":true,"href":"https:\/\/dullaertantiques.com\/it\/wp-json\/wp\/v2\/product_cat?post=2636"},{"taxonomy":"product_tag","embeddable":true,"href":"https:\/\/dullaertantiques.com\/it\/wp-json\/wp\/v2\/product_tag?post=2636"}],"curies":[{"name":"wp","href":"https:\/\/api.w.org\/{rel}","templated":true}]}}